{"id":3455,"date":"2024-04-22T11:01:33","date_gmt":"2024-04-22T18:01:33","guid":{"rendered":"https:\/\/greemexico.mx\/dev-builder\/?post_type=product&#038;p=3455"},"modified":"2025-05-02T15:33:14","modified_gmt":"2025-05-02T22:33:14","slug":"3-ton-220v-frio-calor-gree-on-off","status":"publish","type":"product","link":"https:\/\/greemexico.mx\/dev-builder\/producto\/3-ton-220v-frio-calor-gree-on-off\/","title":{"rendered":"3 ton 220V Frio Calor GREE On Off"},"content":{"rendered":"","protected":false},"excerpt":{"rendered":"<p><span style=\"font-family: var(--wp--preset--font-family--system-font);font-size: 14px\">\u00a1Descubre el poder del confort con nuestro innovador equipo de aire acondicionado! Dise\u00f1ado pensando en ti, nuestro sistema de climatizaci\u00f3n te brinda el control total sobre el ambiente de tu hogar.<\/span><\/p>\n<p style=\"margin-bottom: 0px;font-family: Montserrat, sans-serif;font-size: 14px\"><span>Con un elegante dise\u00f1o y tecnolog\u00eda de vanguardia, nuestro equipo es la elecci\u00f3n perfecta para transformar tu espacio en un oasis de frescura y bienestar.<\/span><\/p>\n","protected":false},"featured_media":2856,"comment_status":"open","ping_status":"closed","template":"","meta":{"_acf_changed":false},"product_cat":[26],"product_tag":[25,24],"acf":[],"_links":{"self":[{"href":"https:\/\/greemexico.mx\/dev-builder\/wp-json\/wp\/v2\/product\/3455"}],"collection":[{"href":"https:\/\/greemexico.mx\/dev-builder\/wp-json\/wp\/v2\/product"}],"about":[{"href":"https:\/\/greemexico.mx\/dev-builder\/wp-json\/wp\/v2\/types\/product"}],"replies":[{"embeddable":true,"href":"https:\/\/greemexico.mx\/dev-builder\/wp-json\/wp\/v2\/comments?post=3455"}],"wp:featuredmedia":[{"embeddable":true,"href":"https:\/\/greemexico.mx\/dev-builder\/wp-json\/wp\/v2\/media\/2856"}],"wp:attachment":[{"href":"https:\/\/greemexico.mx\/dev-builder\/wp-json\/wp\/v2\/media?parent=3455"}],"wp:term":[{"taxonomy":"product_cat","embeddable":true,"href":"https:\/\/greemexico.mx\/dev-builder\/wp-json\/wp\/v2\/product_cat?post=3455"},{"taxonomy":"product_tag","embeddable":true,"href":"https:\/\/greemexico.mx\/dev-builder\/wp-json\/wp\/v2\/product_tag?post=3455"}],"curies":[{"name":"wp","href":"https:\/\/api.w.org\/{rel}","templated":true}]}}