{"id":68,"date":"2022-01-30T22:15:28","date_gmt":"2022-01-30T22:15:28","guid":{"rendered":"http:\/\/k6x.ae4.mywebsitetransfer.com\/?page_id=68"},"modified":"2026-02-09T15:09:29","modified_gmt":"2026-02-09T23:09:29","slug":"registrar-producto","status":"publish","type":"page","link":"https:\/\/greemexico.mx\/dev-builder\/registrar-producto\/","title":{"rendered":"Registrar producto"},"content":{"rendered":"<div class='breakdance'><section class=\"bde-section-68-100 bde-section\">\n  \n\t\n\n\n\n<div class=\"section-container\"><h4 class=\"bde-heading-68-102 bde-heading\">\nREGISTRA TU EQUIPO\n<\/h4><\/div>\n<\/section><section class=\"bde-section-68-103 bde-section\">\n  \n\t\n\n\n\n<div class=\"section-container\"><div class=\"bde-columns-68-104 bde-columns\"><div class=\"bde-column-68-105 bde-column\">\n  \n\t\n\n\n\n<div class=\"bde-image-68-107 bde-image\">\n<figure class=\"breakdance-image breakdance-image--1871\">\n\t<div class=\"breakdance-image-container\">\n\t\t<div class=\"breakdance-image-clip\"><img loading=\"lazy\" decoding=\"async\" class=\"breakdance-image-object\" src=\"https:\/\/greemexico.mx\/dev-builder\/wp-content\/uploads\/iconos_beneficios_garantia.png\" width=\"1084\" height=\"1209\" srcset=\"https:\/\/greemexico.mx\/dev-builder\/wp-content\/uploads\/iconos_beneficios_garantia.png 1084w, https:\/\/greemexico.mx\/dev-builder\/wp-content\/uploads\/iconos_beneficios_garantia-269x300.png 269w, https:\/\/greemexico.mx\/dev-builder\/wp-content\/uploads\/iconos_beneficios_garantia-918x1024.png 918w, https:\/\/greemexico.mx\/dev-builder\/wp-content\/uploads\/iconos_beneficios_garantia-134x150.png 134w, https:\/\/greemexico.mx\/dev-builder\/wp-content\/uploads\/iconos_beneficios_garantia-768x857.png 768w, https:\/\/greemexico.mx\/dev-builder\/wp-content\/uploads\/iconos_beneficios_garantia-300x335.png 300w, https:\/\/greemexico.mx\/dev-builder\/wp-content\/uploads\/iconos_beneficios_garantia-600x669.png 600w\" sizes=\"(max-width: 1084px) 100vw, 1084px\"><\/div>\n\t<\/div><\/figure>\n\n<\/div>\n<\/div><div class=\"bde-column-68-106 bde-column\">\n  \n\t\n\n\n\n<div class=\"bde-rich-text-68-108 bde-rich-text breakdance-rich-text-styles\">\n<div class=\"wpb_text_column wpb_content_element  bullet_garantia\">\n<div class=\"wpb_wrapper\">\n<h2>\u00bfSab\u00edas qu\u00e9?\u00a0GREE\u00a0te otorga:<\/h2>\n<\/div>\n<\/div>\n<div class=\"wpb_wrapper\">\n<h4>1. GREE te otorga hasta 10 a\u00f1os de Garant\u00eda en Compresor, consulta nuestra\u00a0<a href=\"http:\/\/k6x.ae4.mywebsitetransfer.com\/politicas-de-garantia\/\">Pol\u00edtica de Garant\u00eda<\/a><\/h4>\n<\/div>\n<h4>2. Es necesario brindar a tu equipo al menos un Mantenimiento Preventivo Anual. Recomendamos altamente una Revisi\u00f3n Semestral.<\/h4>\n<div class=\"wpb_text_column wpb_content_element  bullet_garantia\">\n<div class=\"wpb_wrapper\">\n<h4>3. Tienes que conservar tu P\u00f3liza de Garant\u00eda y Comprobante de Compra, estos documentos te ser\u00e1n requeridos en caso de solicitar una garant\u00eda.<\/h4>\n<\/div>\n<\/div>\n<\/div>\n<\/div><\/div><\/div>\n<\/section><section class=\"bde-section-68-109 bde-section\">\n  \n\t\n\n\n\n<div class=\"section-container\"><div class=\"bde-columns-68-113 bde-columns\"><div class=\"bde-column-68-115 bde-column\">\n  \n\t\n\n\n\n<div class=\"bde-shortcode-68-111 bde-shortcode\">\n\n<div class=\"wpcf7 no-js\" id=\"wpcf7-f3108-o1\" lang=\"es-ES\" dir=\"ltr\">\n<div class=\"screen-reader-response\"><p role=\"status\" aria-live=\"polite\" aria-atomic=\"true\"><\/p> <ul><\/ul><\/div>\n<form action=\"\/dev-builder\/wp-json\/wp\/v2\/pages\/68#wpcf7-f3108-o1\" method=\"post\" class=\"wpcf7-form init\" aria-label=\"Formulario de contacto\" novalidate=\"novalidate\" data-status=\"init\">\n<div style=\"display: none;\">\n<input type=\"hidden\" name=\"_wpcf7\" value=\"3108\" \/>\n<input type=\"hidden\" name=\"_wpcf7_version\" value=\"5.9.8\" \/>\n<input type=\"hidden\" name=\"_wpcf7_locale\" value=\"es_ES\" \/>\n<input type=\"hidden\" name=\"_wpcf7_unit_tag\" value=\"wpcf7-f3108-o1\" \/>\n<input type=\"hidden\" name=\"_wpcf7_container_post\" value=\"0\" \/>\n<input type=\"hidden\" name=\"_wpcf7_posted_data_hash\" value=\"\" \/>\n<input type=\"hidden\" name=\"_wpcf7_recaptcha_response\" value=\"\" \/>\n<\/div>\n<h3>DATOS DEL CLIENTE\n<\/h3>\n<div>\n\t<p><label class=\"labels\"><span class=\"wpcf7-form-control-wrap\" data-name=\"Nombre\"><input size=\"40\" maxlength=\"400\" class=\"wpcf7-form-control wpcf7-text wpcf7-validates-as-required\" aria-required=\"true\" aria-invalid=\"false\" placeholder=\"Nombre\" value=\"\" type=\"text\" name=\"Nombre\" \/><\/span><\/label>\n\t<\/p>\n<\/div>\n<div>\n\t<p><label><span class=\"wpcf7-form-control-wrap\" data-name=\"Telefono\"><input size=\"40\" maxlength=\"400\" class=\"wpcf7-form-control wpcf7-tel wpcf7-validates-as-required wpcf7-text wpcf7-validates-as-tel\" aria-required=\"true\" aria-invalid=\"false\" placeholder=\"Tel\u00e9fono\" value=\"\" type=\"tel\" name=\"Telefono\" \/><\/span><\/label>\n\t<\/p>\n<\/div>\n<div>\n\t<p><label><span class=\"wpcf7-form-control-wrap\" data-name=\"Correo\"><input size=\"40\" maxlength=\"400\" class=\"wpcf7-form-control wpcf7-email wpcf7-validates-as-required wpcf7-text wpcf7-validates-as-email\" aria-required=\"true\" aria-invalid=\"false\" placeholder=\"Correo electr\u00f3nico\" value=\"\" type=\"email\" name=\"Correo\" \/><\/span><\/label>\n\t<\/p>\n<\/div>\n<h3>DATOS DEL PRODUCTO\n<\/h3>\n<div>\n\t<p><label><span class=\"wpcf7-form-control-wrap\" data-name=\"Lugar_Compra\"><input size=\"40\" maxlength=\"400\" class=\"wpcf7-form-control wpcf7-text wpcf7-validates-as-required\" aria-required=\"true\" aria-invalid=\"false\" placeholder=\"Lugar de compra (ciudad)\" value=\"\" type=\"text\" name=\"Lugar_Compra\" \/><\/span><\/label>\n\t<\/p>\n<\/div>\n<div>\n\t<p><label><span class=\"wpcf7-form-control-wrap\" data-name=\"Numero_Factura\"><input size=\"40\" maxlength=\"400\" class=\"wpcf7-form-control wpcf7-text wpcf7-validates-as-required\" aria-required=\"true\" aria-invalid=\"false\" placeholder=\"N\u00famero de nota o factura\" value=\"\" type=\"text\" name=\"Numero_Factura\" \/><\/span><\/label>\n\t<\/p>\n<\/div>\n<div>\n\t<p><label>Fecha de compra <span class=\"wpcf7-form-control-wrap\" data-name=\"Fecha_Compra\"><input class=\"wpcf7-form-control wpcf7-date wpcf7-validates-as-required wpcf7-validates-as-date\" aria-required=\"true\" aria-invalid=\"false\" placeholder=\"Fecha de compra\" value=\"\" type=\"date\" name=\"Fecha_Compra\" \/><\/span><\/label>\n\t<\/p>\n<\/div>\n<p><br clear=\"all\" \/>\n<\/p>\n<div>\n\t<p><label><strong>Modelo del equipo:<\/strong><span> Encontrar\u00e1 el modelo de su equipo en la Etiqueta Blanca del empaque o en cualquiera de las unidades.<\/span><br \/>\n<span class=\"wpcf7-form-control-wrap\" data-name=\"Modelo_Equipo\"><input size=\"40\" maxlength=\"400\" class=\"wpcf7-form-control wpcf7-text wpcf7-validates-as-required\" aria-required=\"true\" aria-invalid=\"false\" placeholder=\"GWXXXXX-XXXNBXX\" value=\"\" type=\"text\" name=\"Modelo_Equipo\" \/><\/span><\/label>\n\t<\/p>\n<\/div>\n<div>\n\t<p><img decoding=\"async\" src=\"https:\/\/greemexico.mx\/dev-builder\/wp-content\/uploads\/etiqueta-aires.png\" alt=\"ejemplo\" width=\"250px\" \/>\n\t<\/p>\n<\/div>\n<p><br clear=\"all\" \/>\n<\/p>\n<div>\n\t<p><label><strong>N\u00famero de Serie Evaporadora:<\/strong> <span>Puede localizar este dato tambi\u00e9n en su nota o factura de compra.<\/span><br \/>\n<span class=\"wpcf7-form-control-wrap\" data-name=\"Serie_Evaporadora\"><input size=\"40\" maxlength=\"400\" class=\"wpcf7-form-control wpcf7-text wpcf7-validates-as-required\" aria-required=\"true\" aria-invalid=\"false\" placeholder=\"XXXXXXXXXXXXX\" value=\"\" type=\"text\" name=\"Serie_Evaporadora\" \/><\/span><\/label>\n\t<\/p>\n<\/div>\n<div>\n\t<p><img decoding=\"async\" src=\"https:\/\/greemexico.mx\/dev-builder\/wp-content\/uploads\/2022\/02\/img-ej-serieev.jpg\" alt=\"ejemplo\" \/>\n\t<\/p>\n<\/div>\n<p><br clear=\"all\" \/>\n<\/p>\n<div>\n\t<p><label> <strong>N\u00famero de Serie Condensadora:<\/strong> <span>Puede localizar este dato tambi\u00e9n en su nota o factura de compra.<\/span><br \/>\n<span class=\"wpcf7-form-control-wrap\" data-name=\"Serie_Condensadora\"><input size=\"40\" maxlength=\"400\" class=\"wpcf7-form-control wpcf7-text wpcf7-validates-as-required\" aria-required=\"true\" aria-invalid=\"false\" placeholder=\"XXXXXXXXXXXXX\" value=\"\" type=\"text\" name=\"Serie_Condensadora\" \/><\/span><\/label>\n\t<\/p>\n<\/div>\n<div>\n\t<p><img decoding=\"async\" src=\"https:\/\/greemexico.mx\/dev-builder\/wp-content\/uploads\/2022\/02\/img-ej-cond.jpg\" alt=\"ejemplo\" \/>\n\t<\/p>\n<\/div>\n<p><br clear=\"all\" \/>\n<\/p>\n<h3>DATOS DE INSTALACI\u00d3N\n<\/h3>\n<div>\n\t<p><label> <span class=\"wpcf7-form-control-wrap\" data-name=\"Nombre_Establecimiento\"><input size=\"40\" maxlength=\"400\" class=\"wpcf7-form-control wpcf7-text wpcf7-validates-as-required\" aria-required=\"true\" aria-invalid=\"false\" placeholder=\"Nombre Establecimiento\" value=\"\" type=\"text\" name=\"Nombre_Establecimiento\" \/><\/span><\/label>\n\t<\/p>\n<\/div>\n<div>\n\t<p><label> <span class=\"wpcf7-form-control-wrap\" data-name=\"Nombre_Tecnico\"><input size=\"40\" maxlength=\"400\" class=\"wpcf7-form-control wpcf7-text wpcf7-validates-as-required\" aria-required=\"true\" aria-invalid=\"false\" placeholder=\"Nombre de centro o t\u00e9cnico\" value=\"\" type=\"text\" name=\"Nombre_Tecnico\" \/><\/span><\/label>\n\t<\/p>\n<\/div>\n<div>\n\t<p><label> <span class=\"wpcf7-form-control-wrap\" data-name=\"Telefono_Servicio\"><input size=\"40\" maxlength=\"400\" class=\"wpcf7-form-control wpcf7-tel wpcf7-validates-as-required wpcf7-text wpcf7-validates-as-tel\" aria-required=\"true\" aria-invalid=\"false\" placeholder=\"Tel\u00e9fono centro o t\u00e9cnico\" value=\"\" type=\"tel\" name=\"Telefono_Servicio\" \/><\/span> <\/label>\n\t<\/p>\n<\/div>\n<p><input class=\"wpcf7-form-control wpcf7-submit has-spinner\" type=\"submit\" value=\"Enviar y registrar\" \/>\n<\/p><div class=\"wpcf7-response-output\" aria-hidden=\"true\"><\/div>\n<\/form>\n<\/div>\n\n<\/div>\n<\/div><\/div><\/div>\n<\/section><section class=\"bde-section-68-119 bde-section\">\n  \n\t\n\n\n\n<div class=\"section-container\"><div class=\"bde-columns-68-121 bde-columns\"><div class=\"bde-column-68-122 bde-column\">\n  \n\t\n\n\n\n<div class=\"bde-image-68-125 bde-image\">\n<figure class=\"breakdance-image breakdance-image--466\">\n\t<div class=\"breakdance-image-container\">\n\t\t<div class=\"breakdance-image-clip\"><img loading=\"lazy\" decoding=\"async\" class=\"breakdance-image-object\" src=\"https:\/\/greemexico.mx\/dev-builder\/wp-content\/uploads\/2022\/02\/img-soportetecnico-1.png\" width=\"340\" height=\"734\" srcset=\"https:\/\/greemexico.mx\/dev-builder\/wp-content\/uploads\/2022\/02\/img-soportetecnico-1.png 340w, https:\/\/greemexico.mx\/dev-builder\/wp-content\/uploads\/2022\/02\/img-soportetecnico-1-139x300.png 139w\" sizes=\"(max-width: 340px) 100vw, 340px\"><\/div>\n\t<\/div><\/figure>\n\n<\/div>\n<\/div><div class=\"bde-column-68-123 bde-column\">\n  \n\t\n\n\n\n<div class=\"bde-text-68-124 bde-text\">\nCon el registro de tu equipo GREE nos aseguramos de estar preparados para cualquier imprevisto en su funcionamiento o mantenimiento del producto. Adem\u00e1s, esto es una excelente referencia para que los t\u00e9cnicos de GREE consulten cada detalle.<br><br>Al termino del mismo recibir\u00e1s la confirmaci\u00f3n y tus respuestas al correo electr\u00f3nico registrado. Si deseas conocer nuestro aviso de privacidad da clic aqu\u00ed.\n<\/div>\n<\/div><\/div><\/div>\n<\/section><\/div>","protected":false},"excerpt":{"rendered":"<p>REGISTRA TU EQUIPO \u00bfSab\u00edas qu\u00e9?\u00a0GREE\u00a0te otorga: 1. GREE te otorga hasta 10 a\u00f1os de Garant\u00eda en Compresor, consulta nuestra\u00a0Pol\u00edtica de Garant\u00eda 2. Es necesario brindar a tu equipo al menos un Mantenimiento Preventivo Anual. Recomendamos altamente una Revisi\u00f3n Semestral. 3. Tienes que conservar tu P\u00f3liza de Garant\u00eda y Comprobante de Compra, estos documentos te ser\u00e1n [&hellip;]<\/p>\n","protected":false},"author":1,"featured_media":0,"parent":0,"menu_order":0,"comment_status":"closed","ping_status":"closed","template":"","meta":{"_acf_changed":false,"_breakdance_hide_in_design_set":false,"_breakdance_tags":"","footnotes":""},"acf":[],"_links":{"self":[{"href":"https:\/\/greemexico.mx\/dev-builder\/wp-json\/wp\/v2\/pages\/68"}],"collection":[{"href":"https:\/\/greemexico.mx\/dev-builder\/wp-json\/wp\/v2\/pages"}],"about":[{"href":"https:\/\/greemexico.mx\/dev-builder\/wp-json\/wp\/v2\/types\/page"}],"author":[{"embeddable":true,"href":"https:\/\/greemexico.mx\/dev-builder\/wp-json\/wp\/v2\/users\/1"}],"replies":[{"embeddable":true,"href":"https:\/\/greemexico.mx\/dev-builder\/wp-json\/wp\/v2\/comments?post=68"}],"version-history":[{"count":1,"href":"https:\/\/greemexico.mx\/dev-builder\/wp-json\/wp\/v2\/pages\/68\/revisions"}],"predecessor-version":[{"id":4899,"href":"https:\/\/greemexico.mx\/dev-builder\/wp-json\/wp\/v2\/pages\/68\/revisions\/4899"}],"wp:attachment":[{"href":"https:\/\/greemexico.mx\/dev-builder\/wp-json\/wp\/v2\/media?parent=68"}],"curies":[{"name":"wp","href":"https:\/\/api.w.org\/{rel}","templated":true}]}}