{"id":62,"date":"2022-01-30T22:15:02","date_gmt":"2022-01-30T22:15:02","guid":{"rendered":"http:\/\/k6x.ae4.mywebsitetransfer.com\/?page_id=62"},"modified":"2026-02-09T15:08:08","modified_gmt":"2026-02-09T23:08:08","slug":"garantia","status":"publish","type":"page","link":"https:\/\/greemexico.mx\/dev-builder\/garantia\/","title":{"rendered":"Garant\u00eda"},"content":{"rendered":"<div class='breakdance'><section class=\"bde-section-62-100 bde-section\">\n  \n\t\n\n\n\n<div class=\"section-container\"><h4 class=\"bde-heading-62-101 bde-heading\">\nREPORTE DE GARANT\u00cdA\n<\/h4><\/div>\n<\/section><section class=\"bde-section-62-110 bde-section\">\n  \n\t\n\n\n\n<div class=\"section-container\"><h2 class=\"bde-heading-62-111 bde-heading\">\nREPORTE DE<br>GARANT\u00cdA\n<\/h2><div class=\"bde-image-62-112 bde-image\">\n<figure class=\"breakdance-image breakdance-image--1957\">\n\t<div class=\"breakdance-image-container\">\n\t\t<div class=\"breakdance-image-clip\"><img loading=\"lazy\" decoding=\"async\" class=\"breakdance-image-object\" src=\"https:\/\/greemexico.mx\/dev-builder\/wp-content\/uploads\/separador-azul.svg\" width=\"0\" height=\"0\"><\/div>\n\t<\/div><\/figure>\n\n<\/div><div class=\"bde-rich-text-62-119 bde-rich-text breakdance-rich-text-styles\">\n<p><span style=\"color: #0033a1;\"><strong>Tienes que conservar tu P\u00f3liza de Garant\u00eda, Comprobante de Compra<\/strong><\/span>, estos documentos te ser\u00e1n requeridos al momento de solicitar una garant\u00eda para tu equipo GREE.<\/p>\n<\/div><div class=\"bde-columns-62-120 bde-columns\"><div class=\"bde-column-62-121 bde-column\">\n  \n\t\n\n\n\n<div class=\"bde-shortcode-62-122 bde-shortcode\">\n\n<div class=\"wpcf7 no-js\" id=\"wpcf7-f3122-o1\" lang=\"es-ES\" dir=\"ltr\">\n<div class=\"screen-reader-response\"><p role=\"status\" aria-live=\"polite\" aria-atomic=\"true\"><\/p> <ul><\/ul><\/div>\n<form action=\"\/dev-builder\/wp-json\/wp\/v2\/pages\/62#wpcf7-f3122-o1\" method=\"post\" class=\"wpcf7-form init\" aria-label=\"Formulario de contacto\" novalidate=\"novalidate\" data-status=\"init\">\n<div style=\"display: none;\">\n<input type=\"hidden\" name=\"_wpcf7\" value=\"3122\" \/>\n<input type=\"hidden\" name=\"_wpcf7_version\" value=\"5.9.8\" \/>\n<input type=\"hidden\" name=\"_wpcf7_locale\" value=\"es_ES\" \/>\n<input type=\"hidden\" name=\"_wpcf7_unit_tag\" value=\"wpcf7-f3122-o1\" \/>\n<input type=\"hidden\" name=\"_wpcf7_container_post\" value=\"0\" \/>\n<input type=\"hidden\" name=\"_wpcf7_posted_data_hash\" value=\"\" \/>\n<input type=\"hidden\" name=\"_wpcf7_recaptcha_response\" value=\"\" \/>\n<\/div>\n<h3>DATOS DEL CLIENTE\n<\/h3>\n<div>\n\t<p><label><span class=\"wpcf7-form-control-wrap\" data-name=\"your-name\"><input size=\"40\" maxlength=\"400\" class=\"wpcf7-form-control wpcf7-text wpcf7-validates-as-required\" aria-required=\"true\" aria-invalid=\"false\" placeholder=\"Nombre completo\" value=\"\" type=\"text\" name=\"your-name\" \/><\/span><\/label>\n\t<\/p>\n<\/div>\n<div>\n\t<p><label><span class=\"wpcf7-form-control-wrap\" data-name=\"your-address\"><input size=\"40\" maxlength=\"400\" class=\"wpcf7-form-control wpcf7-text wpcf7-validates-as-required\" aria-required=\"true\" aria-invalid=\"false\" placeholder=\"Direcci\u00f3n\" value=\"\" type=\"text\" name=\"your-address\" \/><\/span><\/label>\n\t<\/p>\n<\/div>\n<div>\n\t<p><label><span class=\"wpcf7-form-control-wrap\" data-name=\"text-colonia\"><input size=\"40\" maxlength=\"400\" class=\"wpcf7-form-control wpcf7-text wpcf7-validates-as-required\" aria-required=\"true\" aria-invalid=\"false\" placeholder=\"Colonia\" value=\"\" type=\"text\" name=\"text-colonia\" \/><\/span><\/label>\n\t<\/p>\n<\/div>\n<div>\n\t<p><label><span class=\"wpcf7-form-control-wrap\" data-name=\"your-city\"><input size=\"40\" maxlength=\"400\" class=\"wpcf7-form-control wpcf7-text wpcf7-validates-as-required\" aria-required=\"true\" aria-invalid=\"false\" placeholder=\"Ciudad\" value=\"\" type=\"text\" name=\"your-city\" \/><\/span><\/label>\n\t<\/p>\n<\/div>\n<div>\n\t<p><label><span class=\"wpcf7-form-control-wrap\" data-name=\"your-state\"><input size=\"40\" maxlength=\"400\" class=\"wpcf7-form-control wpcf7-text wpcf7-validates-as-required\" aria-required=\"true\" aria-invalid=\"false\" placeholder=\"Estado\" value=\"\" type=\"text\" name=\"your-state\" \/><\/span><\/label>\n\t<\/p>\n<\/div>\n<div>\n\t<p><label><span class=\"wpcf7-form-control-wrap\" data-name=\"tel-cliente\"><input size=\"40\" maxlength=\"400\" class=\"wpcf7-form-control wpcf7-tel wpcf7-validates-as-required wpcf7-text wpcf7-validates-as-tel\" aria-required=\"true\" aria-invalid=\"false\" placeholder=\"Tel\u00e9fono\" value=\"\" type=\"tel\" name=\"tel-cliente\" \/><\/span><\/label>\n\t<\/p>\n<\/div>\n<div>\n\t<p><label><span class=\"wpcf7-form-control-wrap\" data-name=\"your-email\"><input size=\"40\" maxlength=\"400\" class=\"wpcf7-form-control wpcf7-email wpcf7-validates-as-required wpcf7-text wpcf7-validates-as-email\" aria-required=\"true\" aria-invalid=\"false\" placeholder=\"Correo electr\u00f3nico\" value=\"\" type=\"email\" name=\"your-email\" \/><\/span><\/label>\n\t<\/p>\n<\/div>\n<p><br clear=\"all\" \/>\n<\/p>\n<h3>DATOS DE INSTALACI\u00d3N Y DEL EQUIPO\n<\/h3>\n<p>Escriba el nombre del establecimiento de compra y del t\u00e9cnico o centro de servicio que realiz\u00f3 la instalaci\u00f3n de su equipo GREE.\n<\/p>\n<div>\n\t<p><label><span class=\"wpcf7-form-control-wrap\" data-name=\"nombre-servicio\"><input size=\"40\" maxlength=\"400\" class=\"wpcf7-form-control wpcf7-text wpcf7-validates-as-required\" aria-required=\"true\" aria-invalid=\"false\" placeholder=\"Nombre del t\u00e9cnico o centro de servicio\" value=\"\" type=\"text\" name=\"nombre-servicio\" \/><\/span><\/label>\n\t<\/p>\n<\/div>\n<div>\n\t<p><label><span class=\"wpcf7-form-control-wrap\" data-name=\"tel-servicio\"><input size=\"40\" maxlength=\"400\" class=\"wpcf7-form-control wpcf7-tel wpcf7-validates-as-required wpcf7-text wpcf7-validates-as-tel\" aria-required=\"true\" aria-invalid=\"false\" placeholder=\"Tel\u00e9fono del t\u00e9cnico o centro de servicio\" value=\"\" type=\"tel\" name=\"tel-servicio\" \/><\/span><\/label>\n\t<\/p>\n<\/div>\n<div>\n\t<p><label><strong>Modelo del equipo:<\/strong><span>Encontrar\u00e1 el modelo de su equipo en la Etiqueta Blanca del empaque o en cualquiera de las unidades.<\/span> <span class=\"wpcf7-form-control-wrap\" data-name=\"serie-evaporadora\"><input size=\"40\" maxlength=\"400\" class=\"wpcf7-form-control wpcf7-text wpcf7-validates-as-required\" aria-required=\"true\" aria-invalid=\"false\" placeholder=\"GWXXXXX-XXXNBXX\" value=\"\" type=\"text\" name=\"serie-evaporadora\" \/><\/span><\/label>\n\t<\/p>\n<\/div>\n<div>\n\t<p><img decoding=\"async\" src=\"https:\/\/greemexico.mx\/dev-builder\/wp-content\/uploads\/etiqueta-aires.png\" alt=\"ejemplo\" width=\"250px\" \/>\n\t<\/p>\n<\/div>\n<p><label>Si usted desea a\u00f1adir alg\u00fan comentario, utilic\u00e9 el espacio siguiente. <span class=\"wpcf7-form-control-wrap\" data-name=\"textarea-comentario\"><textarea cols=\"40\" rows=\"10\" maxlength=\"2000\" class=\"wpcf7-form-control wpcf7-textarea\" aria-invalid=\"false\" placeholder=\"Comentario\" name=\"textarea-comentario\"><\/textarea><\/span><\/label><br clear=\"all\" \/><br \/>\n<input class=\"wpcf7-form-control wpcf7-submit has-spinner\" type=\"submit\" value=\"Solicitar Garant\u00eda\" \/>\n<\/p><div class=\"wpcf7-response-output\" aria-hidden=\"true\"><\/div>\n<\/form>\n<\/div>\n\n<\/div>\n<\/div><\/div><\/div>\n<\/section><section class=\"bde-section-62-102 bde-section\">\n  \n\t\n\n\n\n<div class=\"section-container\"><div class=\"bde-columns-62-103 bde-columns\"><div class=\"bde-column-62-104 bde-column\">\n  \n\t\n\n\n\n<div class=\"bde-image-62-105 bde-image\">\n<figure class=\"breakdance-image breakdance-image--466\">\n\t<div class=\"breakdance-image-container\">\n\t\t<div class=\"breakdance-image-clip\"><img loading=\"lazy\" decoding=\"async\" class=\"breakdance-image-object\" src=\"https:\/\/greemexico.mx\/dev-builder\/wp-content\/uploads\/2022\/02\/img-soportetecnico-1.png\" width=\"340\" height=\"734\" srcset=\"https:\/\/greemexico.mx\/dev-builder\/wp-content\/uploads\/2022\/02\/img-soportetecnico-1.png 340w, https:\/\/greemexico.mx\/dev-builder\/wp-content\/uploads\/2022\/02\/img-soportetecnico-1-139x300.png 139w\" sizes=\"(max-width: 340px) 100vw, 340px\"><\/div>\n\t<\/div><\/figure>\n\n<\/div>\n<\/div><div class=\"bde-column-62-106 bde-column\">\n  \n\t\n\n\n\n<h2 class=\"bde-heading-62-107 bde-heading\">\n\u00bfNO SE HA RESUELTO<br>TU PROBLEMA?\n<\/h2><h3 class=\"bde-heading-62-108 bde-heading\">\nNOSOTROS TE AYUDAMOS\n<\/h3><div class=\"bde-button-62-109 bde-button\">\n    \n                                    \n    \n    \n    \n    \n            \n                    \n            \n            \n\n    \n    \n    \n    \n    \n    <a class=\"breakdance-link button-atom button-atom--custom bde-button__button\" href=\"https:\/\/greemexico.mx\/dev-builder\/contacto\/\" target=\"_self\" data-type=\"url\"  >\n\n    \n        <span class=\"button-atom__text\">CONT\u00c1CTANOS<\/span>\n\n        \n        \n                <\/a>\n\n    \n\n\n<\/div>\n<\/div><\/div><\/div>\n<\/section><\/div>","protected":false},"excerpt":{"rendered":"<p>REPORTE DE GARANT\u00cdA REPORTE DEGARANT\u00cdA Tienes que conservar tu P\u00f3liza de Garant\u00eda, Comprobante de Compra, estos documentos te ser\u00e1n requeridos al momento de solicitar una garant\u00eda para tu equipo GREE. DATOS DEL CLIENTE DATOS DE INSTALACI\u00d3N Y DEL EQUIPO Escriba el nombre del establecimiento de compra y del t\u00e9cnico o centro de servicio que realiz\u00f3 [&hellip;]<\/p>\n","protected":false},"author":1,"featured_media":0,"parent":0,"menu_order":0,"comment_status":"closed","ping_status":"closed","template":"","meta":{"_acf_changed":false,"_breakdance_hide_in_design_set":false,"_breakdance_tags":"","footnotes":""},"acf":[],"_links":{"self":[{"href":"https:\/\/greemexico.mx\/dev-builder\/wp-json\/wp\/v2\/pages\/62"}],"collection":[{"href":"https:\/\/greemexico.mx\/dev-builder\/wp-json\/wp\/v2\/pages"}],"about":[{"href":"https:\/\/greemexico.mx\/dev-builder\/wp-json\/wp\/v2\/types\/page"}],"author":[{"embeddable":true,"href":"https:\/\/greemexico.mx\/dev-builder\/wp-json\/wp\/v2\/users\/1"}],"replies":[{"embeddable":true,"href":"https:\/\/greemexico.mx\/dev-builder\/wp-json\/wp\/v2\/comments?post=62"}],"version-history":[{"count":1,"href":"https:\/\/greemexico.mx\/dev-builder\/wp-json\/wp\/v2\/pages\/62\/revisions"}],"predecessor-version":[{"id":4900,"href":"https:\/\/greemexico.mx\/dev-builder\/wp-json\/wp\/v2\/pages\/62\/revisions\/4900"}],"wp:attachment":[{"href":"https:\/\/greemexico.mx\/dev-builder\/wp-json\/wp\/v2\/media?parent=62"}],"curies":[{"name":"wp","href":"https:\/\/api.w.org\/{rel}","templated":true}]}}