{"id":5654,"date":"2026-03-02T11:55:20","date_gmt":"2026-03-02T19:55:20","guid":{"rendered":"https:\/\/greemexico.mx\/dev-builder\/?page_id=5654"},"modified":"2026-03-11T16:26:26","modified_gmt":"2026-03-11T23:26:26","slug":"ua-coins","status":"publish","type":"page","link":"https:\/\/greemexico.mx\/dev-builder\/ua-coins\/","title":{"rendered":"UA Coins"},"content":{"rendered":"<div class='breakdance'><section class=\"bde-section-5654-102 bde-section\">\n  \n\t\n\n\n\n<div class=\"section-container\"><div class=\"bde-div-5654-167 bde-div\">\n  \n\t\n\n\n\n<h1 class=\"bde-heading-5654-172 bde-heading\" data-entrance=\"zoomOut\">\nBASES DEL PROGRAMA\n<\/h1>\n<\/div><div class=\"bde-div-5654-169 bde-div\">\n  \n\t\n\n\n\n<div class=\"bde-rich-text-5654-171 bde-rich-text breakdance-rich-text-styles\">\n<div class=\"elementor-element elementor-element-dc445ca e-con-full e-flex e-con e-child\" data-id=\"dc445ca\" data-element_type=\"container\" data-e-type=\"container\">\n<div class=\"elementor-element elementor-element-742229d elementor-widget elementor-widget-text-editor\" data-id=\"742229d\" data-element_type=\"widget\" data-e-type=\"widget\" data-widget_type=\"text-editor.default\">\n<p>El programa\u00a0<span style=\"color: #ec7700;\"><b>UA COINS<\/b><\/span> es el primer y m\u00e1s grande sistema de lealtad y recompensas enfocado en aires acondicionados en M\u00e9xico. A continuaci\u00f3n, se presentan las bases y condiciones para la participaci\u00f3n durante la temporada 2026.<br \/><br \/><\/p>\n<p><span style=\"color: #ec7700;\"><b>1. Acumulaci\u00f3n de UA COINS<\/b><\/span><\/p>\n<p>Todas las\u00a0<b>compras de aires acondicionados UNITED APPLIANCES,\u00a0<\/b>unidades\u00a0<b>UA HVAC SYSTEMS<\/b>\u00a0y\u00a0<b>calentadores UNITED APPLIANCES\u00a0<\/b>generan el\u00a0<b>2% del valor<\/b>\u00a0en\u00a0<b>UA COINS<\/b>, los cuales son acumulables y cuentan con una vigencia \u201crevolvente\u201d de 12 meses. Las\u00a0<b>compras de aires acondicionados marca GREE\u00a0\u00a0<\/b>generan el\u00a0<b>1% del valor<\/b>\u00a0en\u00a0<b>UA COINS.<br \/><br \/><\/b><\/p>\n<p><span style=\"color: #ec7700;\"><b>2. Beneficios y Canje de UA COINS<\/b><\/span><\/p>\n<p>Los participantes pueden canjear sus\u00a0<b>UA COINS<\/b>\u00a0por descuentos de hasta el 20% en accesorios seleccionados para instalaciones, as\u00ed como acceder a descuentos especiales, compra de promocionales VIP y capacitaciones exclusivas.<br \/><br \/><\/p>\n<p><span style=\"color: #ec7700;\"><b>3. Proceso de Acumulaci\u00f3n Autom\u00e1tica<\/b><\/span><\/p>\n<p>La acumulaci\u00f3n de\u00a0<b>UA COINS<\/b>\u00a0se realiza de manera autom\u00e1tica, sin que el participante deba cumplir obligaciones adicionales, siempre y cuando haya completado el proceso de registro.<br \/><br \/><\/p>\n<p><span style=\"color: #ec7700;\"><b>4. Condiciones para Acumulaci\u00f3n de Puntos<\/b><\/span><\/p>\n<p>La acumulaci\u00f3n de puntos\u00a0<b>UA COINS<\/b>\u00a0est\u00e1 sujeta a la compra de productos y\/o servicios, promociones y beneficios establecidos por las tiendas G Store participantes en el programa de lealtad.<br \/><br \/><\/p>\n<p><span style=\"color: #ec7700;\"><b>5. Valor de los UA COINS<\/b><\/span><\/p>\n<p>Cada punto\u00a0<b>UA COINS<\/b>\u00a0equivale a $1.00 MXN (un peso mexicano). Por ejemplo, 10 puntos\u00a0<b>UA COINS<\/b>\u00a0equivalen a $10.00 MXN (diez pesos mexicanos), los cuales pueden ser canjeados directamente en las G STORE participantes.<\/p>\n<\/div>\n<\/div>\n<div class=\"elementor-element elementor-element-199d8b0 e-con-full e-flex e-con e-child\" data-id=\"199d8b0\" data-element_type=\"container\" data-e-type=\"container\">\n<div class=\"elementor-element elementor-element-7d941a6 elementor-widget__width-inherit elementor-widget-laptop__width-inherit elementor-widget-mobile__width-initial elementor-widget elementor-widget-heading\" data-id=\"7d941a6\" data-element_type=\"widget\" data-e-type=\"widget\" data-widget_type=\"heading.default\">\n<h4 class=\"elementor-heading-title elementor-size-default\"><span style=\"color: #ec7700;\"><br \/>GSTORE PARTICIPANTES<br \/><br \/><\/span><b style=\"color: #ec7700; font-size: 16px;\">Noroeste<\/b><\/h4>\n<\/div>\n<div class=\"elementor-element elementor-element-6d45b4c elementor-widget__width-inherit elementor-widget-laptop__width-inherit elementor-widget elementor-widget-text-editor\" data-id=\"6d45b4c\" data-element_type=\"widget\" data-e-type=\"widget\" data-widget_type=\"text-editor.default\">\n<ul>\n<li aria-level=\"1\">G Store Tijuana<\/li>\n<li aria-level=\"1\">G Store Mexicali<\/li>\n<li aria-level=\"1\">G Store Hermosillo<\/li>\n<li aria-level=\"1\">G Store Culiac\u00e1n<\/li>\n<li aria-level=\"1\">G Store Mazatl\u00e1n<\/li>\n<\/ul>\n<p><span style=\"color: #ec7700;\"><b>Occidente<\/b><\/span><\/p>\n<ul>\n<li aria-level=\"1\">G Store Guadalajara<\/li>\n<li aria-level=\"1\">G Store Tlajomulco<\/li>\n<\/ul>\n<p><span style=\"color: #ec7700;\"><b>Norte<\/b><\/span><\/p>\n<ul>\n<li aria-level=\"1\">G Store Cd. Ju\u00e1rez<\/li>\n<li aria-level=\"1\">G Store Chihuahua<\/li>\n<li aria-level=\"1\">G Store Torre\u00f3n<\/li>\n<li aria-level=\"1\">G Store Nuevo Laredo<\/li>\n<li aria-level=\"1\">G Store Monterrey<\/li>\n<li aria-level=\"1\">G Store MTY Chapultepec<\/li>\n<li aria-level=\"1\">G Store Tampico<\/li>\n<\/ul>\n<p><span style=\"color: #ec7700;\"><b>Centro \/ Baj\u00edo<\/b><\/span><\/p>\n<ul>\n<li aria-level=\"1\">G Store CDMX<\/li>\n<li aria-level=\"1\">G Store Quer\u00e9taro<\/li>\n<\/ul>\n<p><span style=\"color: #ec7700;\"><b>Sureste<\/b><\/span><\/p>\n<ul>\n<li aria-level=\"1\">G Store Veracruz<\/li>\n<li aria-level=\"1\">G Store M\u00e9rida<\/li>\n<li aria-level=\"1\">G Store Canc\u00fan<br \/><br \/><\/li>\n<\/ul>\n<\/div>\n<\/div>\n<div class=\"elementor-element elementor-element-7863f25 e-con-full e-flex e-con e-child\" data-id=\"7863f25\" data-element_type=\"container\" data-e-type=\"container\">\n<div class=\"elementor-element elementor-element-77aa18a elementor-widget__width-inherit elementor-widget-laptop__width-inherit elementor-widget-mobile__width-initial elementor-widget elementor-widget-heading\" data-id=\"77aa18a\" data-element_type=\"widget\" data-e-type=\"widget\" data-widget_type=\"heading.default\">\n<h4 class=\"elementor-heading-title elementor-size-default\"><span style=\"color: #ec7700;\">PRODUCTOS PARTICIPANTES<\/span><\/h4>\n<\/div>\n<div class=\"elementor-element elementor-element-4c0abda elementor-widget__width-inherit elementor-widget-laptop__width-inherit elementor-widget elementor-widget-text-editor\" data-id=\"4c0abda\" data-element_type=\"widget\" data-e-type=\"widget\" data-widget_type=\"text-editor.default\">\n<p><span style=\"color: #ec7700;\"><b>Productos que acumulan puntos:<\/b><\/span><\/p>\n<ul>\n<li aria-level=\"1\">Aires acondicionados marca GREE, en 110v y 220v, de 12,000 a 36,000 BTU en modelos est\u00e1ndar e inverter.<\/li>\n<li aria-level=\"1\">Aires acondicionados marca UA, en 110v y 220v, de 12,000 a 36,000 BTU en modelos est\u00e1ndar e inverter.<\/li>\n<li aria-level=\"1\">Calentador de agua instant\u00e1neo marca UA.<\/li>\n<li aria-level=\"1\">Aires acondicionados UA HVAC SYSTEMS.<br \/><br \/><\/li>\n<\/ul>\n<p><span style=\"color: #ec7700;\"><b>Productos que redimen puntos:<\/b><\/span><\/p>\n<ul>\n<li aria-level=\"1\">Refacciones GREE\u00a0<\/li>\n<li aria-level=\"1\">Refacciones UA<\/li>\n<li aria-level=\"1\">Brackets UA<\/li>\n<li aria-level=\"1\">Impermeabilizante UA: Easy roof<\/li>\n<li aria-level=\"1\">Kits de instalaci\u00f3n UA<\/li>\n<\/ul>\n<p><b>Nota:\u00a0<\/b>Los productos, condiciones y tiendas participantes pueden variar.<br \/><br \/><\/p>\n<\/div>\n<\/div>\n<div class=\"elementor-element elementor-element-2bd5aa6 e-con-full e-flex e-con e-child\" data-id=\"2bd5aa6\" data-element_type=\"container\" data-e-type=\"container\">\n<div class=\"elementor-element elementor-element-d161db1 elementor-widget__width-inherit elementor-widget-laptop__width-inherit elementor-widget-mobile__width-initial elementor-widget elementor-widget-heading\" data-id=\"d161db1\" data-element_type=\"widget\" data-e-type=\"widget\" data-widget_type=\"heading.default\">\n<h4 class=\"elementor-heading-title elementor-size-default\"><span style=\"color: #ec7700;\">VIGENCIA DE LOS PUNTOS<\/span><\/h4>\n<\/div>\n<div class=\"elementor-element elementor-element-62daef5 elementor-widget__width-inherit elementor-widget-laptop__width-inherit elementor-widget elementor-widget-text-editor\" data-id=\"62daef5\" data-element_type=\"widget\" data-e-type=\"widget\" data-widget_type=\"text-editor.default\">\n<p>Los puntos generados tendr\u00e1n una vigencia de 12 meses calendario; es decir, los puntos generados en enero 2026 vencer\u00e1n en enero 2027, los generados en febrero 2026 vencer\u00e1n en febrero 2027, y as\u00ed sucesivamente.<\/p>\n<\/div>\n<\/div>\n<\/div>\n<\/div><\/div>\n<\/section><\/div>","protected":false},"excerpt":{"rendered":"<p>BASES DEL PROGRAMA El programa\u00a0UA COINS es el primer y m\u00e1s grande sistema de lealtad y recompensas enfocado en aires acondicionados en M\u00e9xico. A continuaci\u00f3n, se presentan las bases y condiciones para la participaci\u00f3n durante la temporada 2026. 1. Acumulaci\u00f3n de UA COINS Todas las\u00a0compras de aires acondicionados UNITED APPLIANCES,\u00a0unidades\u00a0UA HVAC SYSTEMS\u00a0y\u00a0calentadores UNITED APPLIANCES\u00a0generan el\u00a02% [&hellip;]<\/p>\n","protected":false},"author":1,"featured_media":0,"parent":0,"menu_order":0,"comment_status":"closed","ping_status":"closed","template":"","meta":{"_acf_changed":false,"_breakdance_hide_in_design_set":false,"_breakdance_tags":"","footnotes":""},"acf":[],"_links":{"self":[{"href":"https:\/\/greemexico.mx\/dev-builder\/wp-json\/wp\/v2\/pages\/5654"}],"collection":[{"href":"https:\/\/greemexico.mx\/dev-builder\/wp-json\/wp\/v2\/pages"}],"about":[{"href":"https:\/\/greemexico.mx\/dev-builder\/wp-json\/wp\/v2\/types\/page"}],"author":[{"embeddable":true,"href":"https:\/\/greemexico.mx\/dev-builder\/wp-json\/wp\/v2\/users\/1"}],"replies":[{"embeddable":true,"href":"https:\/\/greemexico.mx\/dev-builder\/wp-json\/wp\/v2\/comments?post=5654"}],"version-history":[{"count":56,"href":"https:\/\/greemexico.mx\/dev-builder\/wp-json\/wp\/v2\/pages\/5654\/revisions"}],"predecessor-version":[{"id":6237,"href":"https:\/\/greemexico.mx\/dev-builder\/wp-json\/wp\/v2\/pages\/5654\/revisions\/6237"}],"wp:attachment":[{"href":"https:\/\/greemexico.mx\/dev-builder\/wp-json\/wp\/v2\/media?parent=5654"}],"curies":[{"name":"wp","href":"https:\/\/api.w.org\/{rel}","templated":true}]}}