{"id":3048,"date":"2024-04-02T19:50:30","date_gmt":"2024-04-03T03:50:30","guid":{"rendered":"https:\/\/greemexico.mx\/dev-builder\/?page_id=3048"},"modified":"2025-03-07T10:24:53","modified_gmt":"2025-03-07T18:24:53","slug":"como-elegir-mi-aire-acondicionado","status":"publish","type":"page","link":"https:\/\/greemexico.mx\/dev-builder\/como-elegir-mi-aire-acondicionado\/","title":{"rendered":"Como Elegir mi Aire Acondicionado"},"content":{"rendered":"<div class='breakdance'><section class=\"bde-section-3048-100 bde-section\">\n  \n\t\n\n\n\n<div class=\"section-container\"><h4 class=\"bde-heading-3048-101 bde-heading\">\n\u00bfC\u00d3MO ELEGIR?\n<\/h4><\/div>\n<\/section><section class=\"bde-section-3048-107 bde-section\">\n  \n\t\n\n\n\n<div class=\"section-container\"><div class=\"bde-columns-3048-113 bde-columns\"><div class=\"bde-column-3048-114 bde-column\">\n  \n\t\n\n\n\n<div class=\"bde-image-3048-116 bde-image\">\n<figure class=\"breakdance-image breakdance-image--1627\">\n\t<div class=\"breakdance-image-container\">\n\t\t<div class=\"breakdance-image-clip\"><img loading=\"lazy\" decoding=\"async\" class=\"breakdance-image-object\" src=\"https:\/\/greemexico.mx\/dev-builder\/wp-content\/uploads\/img-categorias_minisplits.png\" width=\"400\" height=\"330\" srcset=\"https:\/\/greemexico.mx\/dev-builder\/wp-content\/uploads\/img-categorias_minisplits.png 400w, https:\/\/greemexico.mx\/dev-builder\/wp-content\/uploads\/img-categorias_minisplits-300x248.png 300w, https:\/\/greemexico.mx\/dev-builder\/wp-content\/uploads\/img-categorias_minisplits-150x124.png 150w\" sizes=\"(max-width: 400px) 100vw, 400px\"><\/div>\n\t<\/div><\/figure>\n\n<\/div><div class=\"bde-rich-text-3048-110 bde-rich-text breakdance-rich-text-styles\">\n<h3>\u00bfNuevo en el aire acondicionado?<\/h3>\n<p>Esta gu\u00eda te ayudar\u00e1 a seleccionar el equipo adecuado. Calcula la capacidad necesaria seg\u00fan los metros cuadrados y la regi\u00f3n geogr\u00e1fica.<\/p>\n<p>Prioriza la instalaci\u00f3n en \u00e1reas de mayor necesidad de confort t\u00e9rmico. Determina el \u00e1rea del espacio y la zona geogr\u00e1fica para elegir el equipo apropiado.<\/p>\n<\/div>\n<\/div><div class=\"bde-column-3048-115 bde-column\">\n  \n\t\n\n\n\n<div class=\"bde-shortcode-3048-103 bde-shortcode\">\n    <div class=\"calculator\">\n        <h1>Calculadora de BTU\/h<\/h1>\n        <div class=\"input-section\">\n            <label for=\"state\"><strong>Selecciona zona Geogr\u00e1fica:<\/strong><\/label>\n            <select id=\"state\">\n                <option value=\"\">Seleccionar Zona<\/option>\n                <option value=\"ZONA 1\">ZONA 1 (Aguascalientes, Colima, Guanajuato, Jalisco, Nayarit, Tlaxcala, Zacatecas)<\/option>\n                <option value=\"ZONA 2\">ZONA 2 (CDMX, Edo. de M\u00e9xico, Hidalgo, Michoac\u00e1n, Morelos, Puebla, Quer\u00e9taro)<\/option>\n                <option value=\"ZONA 3\">ZONA 3 (Baja California Sur, Guerrero, Oaxaca, San Luis Potos\u00ed, Tamaulipas, Veracruz)<\/option>\n                <option value=\"ZONA 4\">ZONA 4 (Baja California, Quintana Roo, Campeche, Sinaloa, Chiapas, Sonora, Chihuahua, Tabasco, Coahuila, Yucat\u00e1n, Durango, Nuevo Le\u00f3n)<\/option>\n            <\/select>\n            <label for=\"area\"><strong>\u00c1rea de la habitaci\u00f3n en m<sup>2<\/sup>:<\/strong><\/label>\n            <input type=\"number\" id=\"area\" min=\"0\">\n            <label><strong>Aparatos electr\u00f3nicos:<\/strong><\/label>\n            <div class=\"checkbox-container\">\n\t\t\t\t<input type=\"checkbox\" id=\"estufa\" class=\"electronics-checkbox\" value=\"Estufa\">\n\t\t\t\t<label for=\"estufa\">Estufa<\/label>\n\t\t\t\t<input type=\"checkbox\" id=\"horno\" class=\"electronics-checkbox\" value=\"Horno\">\n\t\t\t\t<label for=\"horno\">Horno<\/label>\n\t\t\t\t<input type=\"checkbox\" id=\"microondas\" class=\"electronics-checkbox\" value=\"Microondas\">\n\t\t\t\t<label for=\"microondas\">Microondas<\/label>\n\t\t\t\t<input type=\"checkbox\" id=\"calentador\" class=\"electronics-checkbox\" value=\"Calentador\">\n                <label for=\"calentador\">Calentador<\/label>\n                <input type=\"checkbox\" id=\"televisor\" class=\"electronics-checkbox\" value=\"Televisor\">\n                <label for=\"televisor\">Televisor<\/label>\n                <input type=\"checkbox\" id=\"refrigerador\" class=\"electronics-checkbox\" value=\"Refrigerador\">\n                <label for=\"refrigerador\">Refrigerador<\/label>\n                <input type=\"checkbox\" id=\"lavadora\" class=\"electronics-checkbox\" value=\"Lavadora\">\n                <label for=\"lavadora\">Lavadora<\/label>\n                <input type=\"checkbox\" id=\"secadora\" class=\"electronics-checkbox\" value=\"Secadora\">\n                <label for=\"secadora\">Secadora<\/label>\n                <input type=\"checkbox\" id=\"computadora\" class=\"electronics-checkbox\" value=\"Computadora\">\n                <label for=\"computadora\">Computadora<\/label>\n\t\t\t\t<input type=\"checkbox\" id=\"laptop\" class=\"electronics-checkbox\" value=\"Laptop\">\n                <label for=\"laptop\">Laptop<\/label>\n\t\t\t\t<input type=\"checkbox\" id=\"impresora\" class=\"electronics-checkbox\" value=\"Impresora\">\n                <label for=\"impresora\">Impresora<\/label>\n            <\/div>\n            <label for=\"people\"><strong>N\u00famero de personas en la habitaci\u00f3n:<\/strong><\/label>\n            <input type=\"number\" id=\"people\" min=\"0\">\n        <\/div>\n        <div class=\"result-section\">\n            <button id=\"calculate\">CALCULAR CONSUMO<\/button>\n            <button id=\"clear\">Borrar<\/button>\n            <div id=\"result\"><\/div>\n        <\/div>\n    <\/div>\n    \n<\/div>\n<\/div><\/div><div class=\"bde-text-3048-109 bde-text\">\nCondiciones de Uso: Los resultados ofrecidos son valores aproximados basados en condiciones promedio para la Rep\u00fablica Mexicana.<br>Usted deber\u00e1 contactarnos si desea consultar con un t\u00e9cnico GREE para una evaluaci\u00f3n profesional.\n<\/div><\/div>\n<\/section><section class=\"bde-section-3048-117 bde-section\">\n  \n\t\n\n\n\n<div class=\"section-container\"><div class=\"bde-columns-3048-118 bde-columns\"><div class=\"bde-column-3048-119 bde-column\">\n  \n\t\n\n\n\n<div class=\"bde-image-3048-120 bde-image\">\n<figure class=\"breakdance-image breakdance-image--466\">\n\t<div class=\"breakdance-image-container\">\n\t\t<div class=\"breakdance-image-clip\"><img loading=\"lazy\" decoding=\"async\" class=\"breakdance-image-object\" src=\"https:\/\/greemexico.mx\/dev-builder\/wp-content\/uploads\/2022\/02\/img-soportetecnico-1.png\" width=\"340\" height=\"734\" srcset=\"https:\/\/greemexico.mx\/dev-builder\/wp-content\/uploads\/2022\/02\/img-soportetecnico-1.png 340w, https:\/\/greemexico.mx\/dev-builder\/wp-content\/uploads\/2022\/02\/img-soportetecnico-1-139x300.png 139w\" sizes=\"(max-width: 340px) 100vw, 340px\"><\/div>\n\t<\/div><\/figure>\n\n<\/div>\n<\/div><div class=\"bde-column-3048-121 bde-column\">\n  \n\t\n\n\n\n<h2 class=\"bde-heading-3048-122 bde-heading\">\n\u00bfNO SE HA RESUELTO<br>TU PROBLEMA?\n<\/h2><h3 class=\"bde-heading-3048-123 bde-heading\">\nNOSOTROS TE AYUDAMOS\n<\/h3><div class=\"bde-button-3048-124 bde-button\">\n    \n                                    \n    \n    \n    \n    \n            \n                    \n            \n            \n\n    \n    \n    \n    \n    \n    <a class=\"breakdance-link button-atom button-atom--custom bde-button__button\" href=\"https:\/\/greemexico.mx\/dev-builder\/contacto\/\" target=\"_self\" data-type=\"url\"  >\n\n    \n        <span class=\"button-atom__text\">CONT\u00c1CTANOS<\/span>\n\n        \n        \n                <\/a>\n\n    \n\n\n<\/div>\n<\/div><\/div><\/div>\n<\/section><\/div>","protected":false},"excerpt":{"rendered":"<p>\u00bfC\u00d3MO ELEGIR? \u00bfNuevo en el aire acondicionado? Esta gu\u00eda te ayudar\u00e1 a seleccionar el equipo adecuado. Calcula la capacidad necesaria seg\u00fan los metros cuadrados y la regi\u00f3n geogr\u00e1fica. Prioriza la instalaci\u00f3n en \u00e1reas de mayor necesidad de confort t\u00e9rmico. Determina el \u00e1rea del espacio y la zona geogr\u00e1fica para elegir el equipo apropiado. Calculadora de [&hellip;]<\/p>\n","protected":false},"author":1,"featured_media":0,"parent":0,"menu_order":0,"comment_status":"closed","ping_status":"closed","template":"","meta":{"_acf_changed":false,"_breakdance_hide_in_design_set":false,"_breakdance_tags":"","footnotes":""},"acf":[],"_links":{"self":[{"href":"https:\/\/greemexico.mx\/dev-builder\/wp-json\/wp\/v2\/pages\/3048"}],"collection":[{"href":"https:\/\/greemexico.mx\/dev-builder\/wp-json\/wp\/v2\/pages"}],"about":[{"href":"https:\/\/greemexico.mx\/dev-builder\/wp-json\/wp\/v2\/types\/page"}],"author":[{"embeddable":true,"href":"https:\/\/greemexico.mx\/dev-builder\/wp-json\/wp\/v2\/users\/1"}],"replies":[{"embeddable":true,"href":"https:\/\/greemexico.mx\/dev-builder\/wp-json\/wp\/v2\/comments?post=3048"}],"version-history":[{"count":0,"href":"https:\/\/greemexico.mx\/dev-builder\/wp-json\/wp\/v2\/pages\/3048\/revisions"}],"wp:attachment":[{"href":"https:\/\/greemexico.mx\/dev-builder\/wp-json\/wp\/v2\/media?parent=3048"}],"curies":[{"name":"wp","href":"https:\/\/api.w.org\/{rel}","templated":true}]}}