{"id":3,"date":"2022-01-27T18:55:46","date_gmt":"2022-01-27T18:55:46","guid":{"rendered":"http:\/\/k6x.ae4.mywebsitetransfer.com\/?page_id=3"},"modified":"2026-02-27T10:49:46","modified_gmt":"2026-02-27T18:49:46","slug":"aviso-de-privacidad","status":"publish","type":"page","link":"https:\/\/greemexico.mx\/dev-builder\/aviso-de-privacidad\/","title":{"rendered":"Privacidad"},"content":{"rendered":"<div class='breakdance'><section class=\"bde-section-3-100 bde-section\">\n  \n\t\n\n\n\n<div class=\"section-container\"><div class=\"bde-rich-text-3-101 bde-rich-text breakdance-rich-text-styles\">\n<h1>\u00a0<\/h1>\n<h1 style=\"text-align: center;\"><span style=\"color: #0133a1;\">AVISO DE PRIVACIDAD<br \/><\/span><\/h1>\n<p>\u00a0<\/p>\n<p><span style=\"font-weight: 400;\">\u00daltima Actualizaci\u00f3n: 06 de mayo del 2022<br \/><\/span><\/p>\n<p><span style=\"font-weight: 400;\">El presente aviso de privacidad forma parte del uso del sitio web de https:\/\/greemexico.mx\/<\/span><\/p>\n<p><span style=\"font-weight: 400;\">GREEAC\u00a0 S.A. DE C.V.\u00a0 y sus filiales (en conjunto \u00a8Grupo Dragon Trade\u00a8) a trav\u00e9s de su representante legal, a quien en lo sucesivo se denominar\u00e1 Grupo Dragon Trade, ubicado en Blvd. Insurgentes 18302, interior 4, colonia El lago, Tijuana, Baja California, C.P. 22210, de recabar sus datos personales y es responsable del uso que se le d\u00e9 a los mismos y de su protecci\u00f3n. Usted podr\u00e1 ponerse en contacto escribiendo al correo electr\u00f3nico marketing@greemexico.mx\u00a0 Al respecto le informamos lo siguiente:<br \/><br \/><\/span><\/p>\n<p><span style=\"font-weight: 400;\">Nombre y apellido<br \/><\/span><span style=\"font-weight: 400;\">Domicilio particular<br \/><\/span><span style=\"font-weight: 400;\">Domicilio fiscal<br \/><\/span><span style=\"font-weight: 400;\">Registro Federal de contribuyentes<br \/><\/span><span style=\"font-weight: 400;\">Curp<br \/><\/span><span style=\"font-weight: 400;\">Lugar y fecha de nacimiento<br \/><\/span><span style=\"font-weight: 400;\">Correo electr\u00f3nico<br \/><\/span><span style=\"font-weight: 400;\">N\u00famero de tel\u00e9fono<\/span><\/p>\n<p><span style=\"font-weight: 400;\"><br \/>Este aviso de privacidad contempla en todo momento los principios de licitud, consentimiento, informaci\u00f3n, calidad, finalidad, lealtad, proporcionalidad y responsabilidad en el tratamiento de datos personales.\u00a0<\/span><\/p>\n<p><span style=\"font-weight: 400;\">Grupo Dragon Trade, no realiza ninguna actividad prohibida por las leyes nacionales e internacionales y recaba su informaci\u00f3n \u00fanicamente para los fines descritos en este Aviso. Los Clientes que no estuviera conforme con el contenido del presente aviso de privacidad deber\u00e1n notificarlo a Grupo Dragon Trade para que \u00e9ste deseche los datos recabados, No obstante, Grupo Dragon Trade tendr\u00e1 el derecho a almacenar su informaci\u00f3n durante y despu\u00e9s de la orden de compra, si no hubiera una notificaci\u00f3n por escrito, se entender\u00e1 que el Cliente acepta el aviso de privacidad. El Cliente se obliga a proveer informaci\u00f3n veraz, completa y exacta, y en caso de requerir actualizar\u00e1, efectuar el procedimiento contemplado en el Aviso de conformidad a sus derechos ARCO.<\/span><\/p>\n<p><span style=\"font-weight: 400;\">El Aviso de privacidad podr\u00e1 ser actualizado sin previo aviso, no obstante, podr\u00e1 revisar en cualquier momento los cambios por medio de nuestra p\u00e1gina de internet. Todo cambio efectuado en el Aviso de privacidad surtir\u00e1 efectos el d\u00eda de su publicaci\u00f3n y se considerar\u00e1 como consentido salvo en los casos que el Cliente notifique su declinaci\u00f3n a trav\u00e9s del correo electr\u00f3nico marketing@greemexico.mx .\u00a0<br \/>\u00a0\u00a0<\/span><\/p>\n<p><span style=\"font-weight: 400;\">a) Para qu\u00e9 fines recabamos y\/o utilizamos\u00a0 sus datos personales:\u00a0<\/span><\/p>\n<p><span style=\"font-weight: 400;\">Proveer los servicios y\/o productos que usted requiera<br \/><\/span><span style=\"font-weight: 400;\">Informar sobre nuestros productos o servicios, as\u00ed como lanzamientos de nuevos productos, dar seguimiento o actualizaci\u00f3n de estos.<br \/><\/span><span style=\"font-weight: 400;\">Fines estad\u00edsticos, investigaci\u00f3n de mercado; encuestas de satisfacci\u00f3n;<br \/><\/span><span style=\"font-weight: 400;\">Din\u00e1micas, fines promocionales y\/o publicidad en general<br \/><\/span><span style=\"font-weight: 400;\">Contacto<br \/><\/span><span style=\"font-weight: 400;\">Referencias comerciales<br \/><\/span><span style=\"font-weight: 400;\">Proceso de Alta de Proveedores o Clientes\u00a0<br \/><\/span><span style=\"font-weight: 400;\">Integraci\u00f3n de expediente crediticio<br \/><\/span><span style=\"font-weight: 400;\">Ingreso y acceso a nuestro sitio web y dem\u00e1s aplicaciones<br \/><\/span><span style=\"font-weight: 400;\">Cotizaciones y\/o solicitudes<br \/><\/span><span style=\"font-weight: 400;\">Evaluaci\u00f3n y eventual otorgamiento de l\u00ednea de cr\u00e9dito<br \/><\/span><span style=\"font-weight: 400;\">Gesti\u00f3n de Cr\u00e9dito y Cobranza<br \/><\/span><span style=\"font-weight: 400;\">Seguimiento de servicio de garant\u00eda post-venta<br \/><\/span><span style=\"font-weight: 400;\">Elaboraci\u00f3n y formalizaci\u00f3n de los documentos legales y administrativos que sustentan cada una de las finalidades aqu\u00ed descritas.\u00a0<br \/><br \/><\/span><\/p>\n<p><span style=\"font-weight: 400;\">b) Datos personales sensibles: Grupo Dragon Trade no discrimina y est\u00e1 en contra de la discriminaci\u00f3n por lo que no recaba ning\u00fan dato que afecte la intimidad de las personas como lo pueden ser datos de origen racial, \u00e9tnico, estado de salud presente y futuro, informaci\u00f3n gen\u00e9tica, creencias religiosas, filos\u00f3ficas y morales, afiliaci\u00f3n sindical, opiniones pol\u00edticas y preferencia sexual.<\/span><\/p>\n<p><span style=\"font-weight: 400;\">c) Con quienes ser\u00e1n compartidos mis Datos Personales: Le informamos que los siguientes datos personales (Nombre completo, correo electr\u00f3nico, N\u00famero telef\u00f3nico, Direcci\u00f3n) ser\u00e1n compartidos \u00fanicamente con las empresas o organizaciones\u00a0 de servicios de paqueter\u00eda con las cuales mantenemos una alianza comercial.\u00a0 Le hacemos saber que para la transferencia de los datos antes mencionados requerimos obtener su consentimiento. Si usted no manifiesta su negatividad para dicha transferencia de datos personales, entenderemos que nos ha otorgado su consentimiento.\u00a0\u00a0<\/span><\/p>\n<p><span style=\"font-weight: 400;\">d) C\u00f3mo ejercer mis derechos ARCO (acceder, rectificar, cancelar u oponerse) al tratamiento de mis Datos Personales? El cliente\u00a0 tienen el derecho a acceder, los Datos Personales que poseemos y a los detalles del tratamiento de los mismos as\u00ed como a rectificarlos en caso de ser inexactos, incorrectos o que hayan cambiado o en su caso solicitarnos la cancelaci\u00f3n cuando considere que el uso ha rebasado el fin establecido por lo que podr\u00e1 oponerse al tratamiento de estos mediante un escrito que deber\u00e1 ser enviado al siguiente direcci\u00f3n de correo electr\u00f3nico marketing@greemexico.mx a acompa\u00f1ado de una identificaci\u00f3n oficial vigente, en un plazo no mayor a 20 d\u00edas h\u00e1biles atenderemos su solicitud, y le informaremos sobre la procedencia de la misma por correo electr\u00f3nico.\u00a0<br \/><\/span><\/p>\n<p><span style=\"font-weight: 400;\">El asunto del correo electr\u00f3nico deber\u00e1 contener en may\u00fasculas SOLICITUD PARA EJERCICIO DE DERECHOS ARCO.\u00a0<\/span><\/p>\n<p><span style=\"font-weight: 400;\">Nombre del titular\u00a0<br \/><\/span><span style=\"font-weight: 400;\">Domicilio<br \/><\/span><span style=\"font-weight: 400;\">Copia de identificaci\u00f3n oficial\u00a0<br \/><\/span><span style=\"font-weight: 400;\">Descripci\u00f3n de los datos personales por los cuales busca ejercer su derecho\u00a0<br \/><br \/><\/span><\/p>\n<p><span style=\"font-weight: 400;\">Cualquier elemento y\/o se\u00f1a en particular que nos permita identificar los datos por los cuales est\u00e1 ejerciendo su derecho como; nombre de usuario, hecho que gener\u00f3 la divulgaci\u00f3n como nombre del evento, subdominio, fechas.\u00a0<br \/><br \/><\/span><\/p>\n<p><span style=\"font-weight: 400;\">e) C\u00f3mo puede revocar su consentimiento para el uso de sus datos personales: Usted puede revocar el consentimiento que, en su caso, nos haya otorgado para el tratamiento de sus datos personales, enviando un correo electr\u00f3nico a marketing@greemexico.mx , implementando el mismo procedimiento como lo se\u00f1ala el p\u00e1rrafo anterior.\u00a0<\/span><\/p>\n<p><span style=\"font-weight: 400;\">f) C\u00f3mo puede limitar el uso o divulgaci\u00f3n de mis Datos Personales: Usted podr\u00e1 limitar el uso y divulgaci\u00f3n de su informaci\u00f3n personal enviando una solicitud al\u00a0 correo electr\u00f3nico marketing@greemexico.mx<\/span><\/p>\n<p><span style=\"font-weight: 400;\">g) C\u00f3mo puede conocer los cambios o modificaciones del aviso de privacidad: Grupo Dragon Trade y\/o el responsable del resguardo de los datos personales se reservan el derecho para hacer modificaciones al Aviso de privacidad sin previa notificaci\u00f3n, nos comprometemos a mantenerlo informado sobre los cambios que pueda presentarse el presente aviso de privacidad a trav\u00e9s de nuestra p\u00e1gina de internet https:\/\/greemexico.mx\/ .<\/span><\/p>\n<p><span style=\"font-weight: 400;\">h) Que son las Cookies y c\u00f3mo se utilizan: Cookies: Son un archivo de datos que se almacena en el disco duro del equipo de c\u00f3mputo o del dispositivo de comunicaciones electr\u00f3nicas de un usuario al navegar en un sitio de Internet espec\u00edfico, el cual permite intercambiar informaci\u00f3n de estado entre dicho sitio y el navegador del usuario. La informaci\u00f3n de estado puede revelar medios de identificaci\u00f3n de sesi\u00f3n, autenticaci\u00f3n o preferencias del usuario, as\u00ed como cualquier otro dato almacenado por el navegador respecto al sitio de Internet.<\/span><\/p>\n<p><span style=\"font-weight: 400;\">i)\u00a0 Protecci\u00f3n de la informaci\u00f3n personal: En la p\u00e1gina de internet\u00a0 https:\/\/greemexico.mx\/ utilizamos un candado SSL (Secure Socket Layer) para proteger\u00a0 la informaci\u00f3n confidencial\u00a0 registrada y que viaje seguro durante su transmisi\u00f3n.<\/span><\/p>\n<p><span style=\"font-weight: 400;\">j) Confidencialidad de los menores: Grupo Dragon Trade entiende la importancia de proteger la privacidad de los ni\u00f1os, en especial en un ambiente en l\u00ednea. Grupo Dragon Trade no est\u00e1 dise\u00f1ado intencionalmente para o dirigido a menores de 18 a\u00f1os. Es pol\u00edtica de Grupo Dragon Trade nunca recopilar o mantener informaci\u00f3n intencionalmente acerca de personas menores a los 18 a\u00f1os.<\/span><\/p>\n<p><span style=\"font-weight: 400;\">k) Aceptaci\u00f3n de los t\u00e9rminos: Esta declaraci\u00f3n de Confidencialidad \/ Privacidad est\u00e1 sujeta a los t\u00e9rminos y condiciones antes mencionados lo cual constituye un acuerdo legal entre el cliente y Grupo Dragon Trade. Si el cliente utiliza los servicios de Grupo Dragon Trade en cualquiera de sus sitios, significa que ha le\u00eddo, entendido y acordado los t\u00e9rminos antes expuestos.<\/span><\/p>\n<p><span style=\"font-weight: 400;\">l) Autoridad: Si el cliente considera que han sido vulnerados sus derechos respecto de la protecci\u00f3n de datos personales, tiene el derecho de acudir a la autoridad correspondiente para defender su ejercicio. La autoridad es el Instituto Federal de Acceso a la Informaci\u00f3n y Protecci\u00f3n de Datos, de conformidad a lo dispuesto por la Ley Federal de Protecci\u00f3n de Datos Personales en posesi\u00f3n de los particulares.<\/span><\/p>\n<\/div><\/div>\n<\/section><\/div>","protected":false},"excerpt":{"rendered":"<p>\u00a0 AVISO DE PRIVACIDAD \u00a0 \u00daltima Actualizaci\u00f3n: 06 de mayo del 2022 El presente aviso de privacidad forma parte del uso del sitio web de https:\/\/greemexico.mx\/ GREEAC\u00a0 S.A. DE C.V.\u00a0 y sus filiales (en conjunto \u00a8Grupo Dragon Trade\u00a8) a trav\u00e9s de su representante legal, a quien en lo sucesivo se denominar\u00e1 Grupo Dragon Trade, ubicado [&hellip;]<\/p>\n","protected":false},"author":1,"featured_media":0,"parent":0,"menu_order":0,"comment_status":"closed","ping_status":"open","template":"","meta":{"_acf_changed":false,"_breakdance_hide_in_design_set":false,"_breakdance_tags":"","footnotes":""},"acf":[],"_links":{"self":[{"href":"https:\/\/greemexico.mx\/dev-builder\/wp-json\/wp\/v2\/pages\/3"}],"collection":[{"href":"https:\/\/greemexico.mx\/dev-builder\/wp-json\/wp\/v2\/pages"}],"about":[{"href":"https:\/\/greemexico.mx\/dev-builder\/wp-json\/wp\/v2\/types\/page"}],"author":[{"embeddable":true,"href":"https:\/\/greemexico.mx\/dev-builder\/wp-json\/wp\/v2\/users\/1"}],"replies":[{"embeddable":true,"href":"https:\/\/greemexico.mx\/dev-builder\/wp-json\/wp\/v2\/comments?post=3"}],"version-history":[{"count":4,"href":"https:\/\/greemexico.mx\/dev-builder\/wp-json\/wp\/v2\/pages\/3\/revisions"}],"predecessor-version":[{"id":5634,"href":"https:\/\/greemexico.mx\/dev-builder\/wp-json\/wp\/v2\/pages\/3\/revisions\/5634"}],"wp:attachment":[{"href":"https:\/\/greemexico.mx\/dev-builder\/wp-json\/wp\/v2\/media?parent=3"}],"curies":[{"name":"wp","href":"https:\/\/api.w.org\/{rel}","templated":true}]}}