{"id":203,"date":"2022-02-05T02:51:35","date_gmt":"2022-02-05T09:51:35","guid":{"rendered":"https:\/\/greemexico.mx\/dev-builder\/?page_id=203"},"modified":"2024-04-10T08:10:04","modified_gmt":"2024-04-10T16:10:04","slug":"modelos","status":"publish","type":"page","link":"https:\/\/greemexico.mx\/dev-builder\/modelos\/","title":{"rendered":"Modelos"},"content":{"rendered":"<div class='breakdance'><section class=\"bde-section-203-100 bde-section\">\n  \n\t\n\n\n\n<div class=\"section-container\"><h1 class=\"bde-dual-heading-203-101 bde-dual-heading breakdance-free-version-frontend-element-hider\">\n\n\n            <span data-style=\"secondary\" class=\"dual-heading--secondary  \">30 A\u00d1OS<\/span>\n\n            <span data-style=\"primary\" class=\"dual-heading--primary  \">LIDERANDO LA INDUSTRIA<\/span>\n\n\n\n<\/h1><\/div>\n<\/section><section class=\"bde-section-203-102 bde-section\">\n  \n\t\n\n\n\n<div class=\"section-container\"><div class=\"bde-columns-203-103 bde-columns\"><div class=\"bde-column-203-104 bde-column\" data-entrance=\"slideLeft\">\n  \n\t\n\n\n\n<h3 class=\"bde-heading-203-109 bde-heading\">\nRESIDENCIAL\n<\/h3><h2 class=\"bde-heading-203-108 bde-heading\">\nMINISPLIT SERIES\n<\/h2><div class=\"bde-text-203-110 bde-text\">\nUna amplia variedad de modelos para la climatizaci\u00f3n del hogar, con la m\u00e1xima eficiencia energ\u00e9tica para garantizar un gran confort manteniendo un bajo consumo energ\u00e9tico.\n<\/div><div class=\"bde-button-203-111 bde-button\">\n    \n                                    \n    \n    \n    \n    \n            \n                    \n            \n            \n\n    \n    \n    \n    \n    \n    <a class=\"breakdance-link button-atom button-atom--custom bde-button__button\" href=\"https:\/\/greemexico.mx\/dev-builder\/minisplits\/\" target=\"_self\" data-type=\"url\"  >\n\n    \n        <span class=\"button-atom__text\">CONOCER M\u00c1S<\/span>\n\n        \n        \n                <\/a>\n\n    \n\n\n<\/div>\n<\/div><div class=\"bde-column-203-105 bde-column\" data-entrance=\"slideRight\">\n              \n  \n\t\n\n\n\n<div class=\"bde-image-203-106 bde-image\" data-entrance=\"slideRight\">\n<figure class=\"breakdance-image breakdance-image--1627\">\n\t<div class=\"breakdance-image-container\">\n\t\t<div class=\"breakdance-image-clip\"><img loading=\"lazy\" decoding=\"async\" class=\"breakdance-image-object\" src=\"https:\/\/greemexico.mx\/dev-builder\/wp-content\/uploads\/img-categorias_minisplits.png\" width=\"400\" height=\"330\" srcset=\"https:\/\/greemexico.mx\/dev-builder\/wp-content\/uploads\/img-categorias_minisplits.png 400w, https:\/\/greemexico.mx\/dev-builder\/wp-content\/uploads\/img-categorias_minisplits-300x248.png 300w, https:\/\/greemexico.mx\/dev-builder\/wp-content\/uploads\/img-categorias_minisplits-150x124.png 150w\" sizes=\"(max-width: 400px) 100vw, 400px\"><\/div>\n\t<\/div><\/figure>\n\n<\/div>\n<\/div><\/div><\/div>\n<\/section><section class=\"bde-section-203-139 bde-section\">\n  \n\t\n\n\n\n<div class=\"section-container\"><div class=\"bde-columns-203-140 bde-columns\"><div class=\"bde-column-203-141 bde-column\" data-entrance=\"slideLeft\">\n  \n\t\n\n\n\n<h3 class=\"bde-heading-203-142 bde-heading\">\nRESIDENCIAL\n<\/h3><h2 class=\"bde-heading-203-143 bde-heading\">\nMINISPLIT SERIES\n<\/h2><div class=\"bde-text-203-144 bde-text\">\nUna amplia variedad de modelos para la climatizaci\u00f3n del hogar, con la m\u00e1xima eficiencia energ\u00e9tica para garantizar un gran confort manteniendo un bajo consumo energ\u00e9tico.\n<\/div><div class=\"bde-button-203-145 bde-button\">\n    \n                                    \n    \n    \n    \n    \n            \n            <button type=\"button\" class=\"button-atom button-atom--custom bde-button__button\"  >\n    \n        <span class=\"button-atom__text\">CONOCER M\u00c1S<\/span>\n\n        \n        \n            <\/button>\n    \n\n\n<\/div>\n<\/div><div class=\"bde-column-203-146 bde-column\" data-entrance=\"slideRight\">\n              \n  \n\t\n\n\n\n<div class=\"bde-image-203-147 bde-image\" data-entrance=\"slideRight\">\n<figure class=\"breakdance-image breakdance-image--1627\">\n\t<div class=\"breakdance-image-container\">\n\t\t<div class=\"breakdance-image-clip\"><img loading=\"lazy\" decoding=\"async\" class=\"breakdance-image-object\" src=\"https:\/\/greemexico.mx\/dev-builder\/wp-content\/uploads\/img-categorias_minisplits.png\" width=\"400\" height=\"330\" srcset=\"https:\/\/greemexico.mx\/dev-builder\/wp-content\/uploads\/img-categorias_minisplits.png 400w, https:\/\/greemexico.mx\/dev-builder\/wp-content\/uploads\/img-categorias_minisplits-300x248.png 300w, https:\/\/greemexico.mx\/dev-builder\/wp-content\/uploads\/img-categorias_minisplits-150x124.png 150w\" sizes=\"(max-width: 400px) 100vw, 400px\"><\/div>\n\t<\/div><\/figure>\n\n<\/div>\n<\/div><\/div><\/div>\n<\/section><section class=\"bde-section-203-112 bde-section\">\n  \n\t\n\n\n\n<div class=\"section-container\"><div class=\"bde-columns-203-113 bde-columns\"><div class=\"bde-column-203-119 bde-column\">\n              \n  \n\t\n\n\n\n<div class=\"bde-image-203-120 bde-image\" data-entrance=\"slideLeft\">\n<figure class=\"breakdance-image breakdance-image--1624\">\n\t<div class=\"breakdance-image-container\">\n\t\t<div class=\"breakdance-image-clip\"><img loading=\"lazy\" decoding=\"async\" class=\"breakdance-image-object\" src=\"https:\/\/greemexico.mx\/dev-builder\/wp-content\/uploads\/img-categorias_u-match.png\" width=\"400\" height=\"330\" srcset=\"https:\/\/greemexico.mx\/dev-builder\/wp-content\/uploads\/img-categorias_u-match.png 400w, https:\/\/greemexico.mx\/dev-builder\/wp-content\/uploads\/img-categorias_u-match-300x248.png 300w, https:\/\/greemexico.mx\/dev-builder\/wp-content\/uploads\/img-categorias_u-match-150x124.png 150w\" sizes=\"(max-width: 400px) 100vw, 400px\"><\/div>\n\t<\/div><\/figure>\n\n<\/div>\n<\/div><div class=\"bde-column-203-114 bde-column\" data-entrance=\"slideRight\">\n  \n\t\n\n\n\n<h3 class=\"bde-heading-203-115 bde-heading\">\nCOMERCIAL LIGERO\n<\/h3><h2 class=\"bde-heading-203-116 bde-heading\">\nU-MATCH SERIES\n<\/h2><div class=\"bde-text-203-117 bde-text\">\nLa gama comercial ligero de GREE, con su amplio abanico de unidades interiores y rangos de potencias de exteriores, ofrece las m\u00e1ximas prestaciones con los mejores niveles de eficiencia energ\u00e9tica.\n<\/div><div class=\"bde-button-203-118 bde-button\">\n    \n                                    \n    \n    \n    \n    \n            \n                    \n            \n            \n\n    \n    \n    \n    \n    \n    <a class=\"breakdance-link button-atom button-atom--custom bde-button__button\" href=\"https:\/\/greemexico.mx\/dev-builder\/u-match\/\" target=\"_self\" data-type=\"url\"  >\n\n    \n        <span class=\"button-atom__text\">CONOCER M\u00c1S<\/span>\n\n        \n        \n                <\/a>\n\n    \n\n\n<\/div>\n<\/div><\/div><\/div>\n<\/section><section class=\"bde-section-203-148 bde-section\">\n  \n\t\n\n\n\n<div class=\"section-container\"><div class=\"bde-columns-203-149 bde-columns\"><div class=\"bde-column-203-150 bde-column\">\n              \n  \n\t\n\n\n\n<div class=\"bde-image-203-151 bde-image\" data-entrance=\"slideRight\">\n<figure class=\"breakdance-image breakdance-image--1624\">\n\t<div class=\"breakdance-image-container\">\n\t\t<div class=\"breakdance-image-clip\"><img loading=\"lazy\" decoding=\"async\" class=\"breakdance-image-object\" src=\"https:\/\/greemexico.mx\/dev-builder\/wp-content\/uploads\/img-categorias_u-match.png\" width=\"400\" height=\"330\" srcset=\"https:\/\/greemexico.mx\/dev-builder\/wp-content\/uploads\/img-categorias_u-match.png 400w, https:\/\/greemexico.mx\/dev-builder\/wp-content\/uploads\/img-categorias_u-match-300x248.png 300w, https:\/\/greemexico.mx\/dev-builder\/wp-content\/uploads\/img-categorias_u-match-150x124.png 150w\" sizes=\"(max-width: 400px) 100vw, 400px\"><\/div>\n\t<\/div><\/figure>\n\n<\/div>\n<\/div><div class=\"bde-column-203-152 bde-column\" data-entrance=\"slideLeft\">\n  \n\t\n\n\n\n<h3 class=\"bde-heading-203-153 bde-heading\">\nCOMERCIAL LIGERO\n<\/h3><h2 class=\"bde-heading-203-154 bde-heading\">\nU-MATCH SERIES\n<\/h2><div class=\"bde-text-203-155 bde-text\">\nLa gama comercial ligero de GREE, con su amplio abanico de unidades interiores y rangos de potencias de exteriores, ofrece las m\u00e1ximas prestaciones con los mejores niveles de eficiencia energ\u00e9tica.\n<\/div><div class=\"bde-button-203-156 bde-button\">\n    \n                                    \n    \n    \n    \n    \n            \n            <button type=\"button\" class=\"button-atom button-atom--custom bde-button__button\"  >\n    \n        <span class=\"button-atom__text\">CONOCER M\u00c1S<\/span>\n\n        \n        \n            <\/button>\n    \n\n\n<\/div>\n<\/div><\/div><\/div>\n<\/section><section class=\"bde-section-203-175 bde-section\">\n  \n\t\n\n\n\n<div class=\"section-container\"><div class=\"bde-columns-203-176 bde-columns\"><div class=\"bde-column-203-177 bde-column\">\n  \n\t\n\n\n\n<h3 class=\"bde-heading-203-178 bde-heading\">\nCOMERCIAL LIGERO\n<\/h3><h2 class=\"bde-heading-203-179 bde-heading\">\nFREE MATCH SERIES\n<\/h2><div class=\"bde-text-203-180 bde-text\">\nLa gama comercial ligero de GREE, con su amplio abanico de unidades interiores y rangos de potencias de exteriores, ofrece las m\u00e1ximas prestaciones con los mejores niveles de eficiencia energ\u00e9tica.\n<\/div><div class=\"bde-button-203-181 bde-button\">\n    \n                                    \n    \n    \n    \n    \n            \n                    \n            \n            \n\n    \n    \n    \n    \n    \n    <a class=\"breakdance-link button-atom button-atom--custom bde-button__button\" href=\"https:\/\/greemexico.mx\/dev-builder\/free-match\/\" target=\"_self\" data-type=\"url\"  >\n\n    \n        <span class=\"button-atom__text\">CONOCER M\u00c1S<\/span>\n\n        \n        \n                <\/a>\n\n    \n\n\n<\/div>\n<\/div><div class=\"bde-column-203-182 bde-column\">\n              \n  \n\t\n\n\n\n<div class=\"bde-image-203-184 bde-image\" data-entrance=\"slideLeft\">\n<figure class=\"breakdance-image breakdance-image--3147\">\n\t<div class=\"breakdance-image-container\">\n\t\t<div class=\"breakdance-image-clip\"><img loading=\"lazy\" decoding=\"async\" class=\"breakdance-image-object\" src=\"https:\/\/greemexico.mx\/dev-builder\/wp-content\/uploads\/img-categorias_free-match.png\" width=\"400\" height=\"330\" srcset=\"https:\/\/greemexico.mx\/dev-builder\/wp-content\/uploads\/img-categorias_free-match.png 400w, https:\/\/greemexico.mx\/dev-builder\/wp-content\/uploads\/img-categorias_free-match-300x248.png 300w, https:\/\/greemexico.mx\/dev-builder\/wp-content\/uploads\/img-categorias_free-match-150x124.png 150w\" sizes=\"(max-width: 400px) 100vw, 400px\"><\/div>\n\t<\/div><\/figure>\n\n<\/div>\n<\/div><\/div><\/div>\n<\/section><section class=\"bde-section-203-185 bde-section\">\n  \n\t\n\n\n\n<div class=\"section-container\"><div class=\"bde-columns-203-186 bde-columns\"><div class=\"bde-column-203-187 bde-column\">\n              \n  \n\t\n\n\n\n<div class=\"bde-image-203-188 bde-image\" data-entrance=\"slideRight\">\n<figure class=\"breakdance-image breakdance-image--3147\">\n\t<div class=\"breakdance-image-container\">\n\t\t<div class=\"breakdance-image-clip\"><img loading=\"lazy\" decoding=\"async\" class=\"breakdance-image-object\" src=\"https:\/\/greemexico.mx\/dev-builder\/wp-content\/uploads\/img-categorias_free-match.png\" width=\"400\" height=\"330\" srcset=\"https:\/\/greemexico.mx\/dev-builder\/wp-content\/uploads\/img-categorias_free-match.png 400w, https:\/\/greemexico.mx\/dev-builder\/wp-content\/uploads\/img-categorias_free-match-300x248.png 300w, https:\/\/greemexico.mx\/dev-builder\/wp-content\/uploads\/img-categorias_free-match-150x124.png 150w\" sizes=\"(max-width: 400px) 100vw, 400px\"><\/div>\n\t<\/div><\/figure>\n\n<\/div>\n<\/div><div class=\"bde-column-203-189 bde-column\" data-entrance=\"slideLeft\">\n  \n\t\n\n\n\n<h3 class=\"bde-heading-203-190 bde-heading\">\nCOMERCIAL LIGERO\n<\/h3><h2 class=\"bde-heading-203-191 bde-heading\">\nFREE MATCH SERIES\n<\/h2><div class=\"bde-text-203-192 bde-text\">\nLa gama comercial ligero de GREE, con su amplio abanico de unidades interiores y rangos de potencias de exteriores, ofrece las m\u00e1ximas prestaciones con los mejores niveles de eficiencia energ\u00e9tica.\n<\/div><div class=\"bde-button-203-193 bde-button\">\n    \n                                    \n    \n    \n    \n    \n            \n                    \n            \n            \n\n    \n    \n    \n    \n    \n    <a class=\"breakdance-link button-atom button-atom--custom bde-button__button\" href=\"https:\/\/greemexico.mx\/dev-builder\/free-match\/\" target=\"_self\" data-type=\"url\"  >\n\n    \n        <span class=\"button-atom__text\">CONOCER M\u00c1S<\/span>\n\n        \n        \n                <\/a>\n\n    \n\n\n<\/div>\n<\/div><\/div><\/div>\n<\/section><section class=\"bde-section-203-121 bde-section\">\n  \n\t\n\n\n\n<div class=\"section-container\"><div class=\"bde-columns-203-122 bde-columns\"><div class=\"bde-column-203-128 bde-column\">\n              \n  \n\t\n\n\n\n<div class=\"bde-image-203-129 bde-image\" data-entrance=\"slideLeft\">\n<figure class=\"breakdance-image breakdance-image--212\">\n\t<div class=\"breakdance-image-container\">\n\t\t<div class=\"breakdance-image-clip\"><img loading=\"lazy\" decoding=\"async\" class=\"breakdance-image-object\" src=\"https:\/\/greemexico.mx\/dev-builder\/wp-content\/uploads\/2022\/02\/bloquecat_prod-3.png\" width=\"673\" height=\"444\" srcset=\"https:\/\/greemexico.mx\/dev-builder\/wp-content\/uploads\/2022\/02\/bloquecat_prod-3.png 673w, https:\/\/greemexico.mx\/dev-builder\/wp-content\/uploads\/2022\/02\/bloquecat_prod-3-300x198.png 300w, https:\/\/greemexico.mx\/dev-builder\/wp-content\/uploads\/2022\/02\/bloquecat_prod-3-600x396.png 600w\" sizes=\"(max-width: 673px) 100vw, 673px\"><\/div>\n\t<\/div><\/figure>\n\n<\/div>\n<\/div><div class=\"bde-column-203-123 bde-column\" data-entrance=\"slideRight\">\n  \n\t\n\n\n\n<h3 class=\"bde-heading-203-124 bde-heading\">\nCOMERCIAL\n<\/h3><h2 class=\"bde-heading-203-125 bde-heading\">\nROOFTOP SERIES\n<\/h2><div class=\"bde-text-203-126 bde-text\">\nLa gama comercial de GREE, con su amplias capacidades en equipos de paquete (rooftop), ofrece las m\u00e1ximas prestaciones con los mejores niveles de eficiencia energ\u00e9tica.\n<\/div><div class=\"bde-button-203-127 bde-button\">\n    \n                                    \n    \n    \n    \n    \n            \n                    \n            \n            \n\n    \n    \n    \n    \n    \n    <a class=\"breakdance-link button-atom button-atom--custom bde-button__button\" href=\"https:\/\/greemexico.mx\/dev-builder\/paquetes\/\" target=\"_self\" data-type=\"url\"  >\n\n    \n        <span class=\"button-atom__text\">CONOCER M\u00c1S<\/span>\n\n        \n        \n                <\/a>\n\n    \n\n\n<\/div>\n<\/div><\/div><\/div>\n<\/section><section class=\"bde-section-203-166 bde-section\">\n  \n\t\n\n\n\n<div class=\"section-container\"><div class=\"bde-columns-203-167 bde-columns\"><div class=\"bde-column-203-168 bde-column\" data-entrance=\"slideLeft\">\n  \n\t\n\n\n\n<h3 class=\"bde-heading-203-169 bde-heading\">\nCOMERCIAL\n<\/h3><h2 class=\"bde-heading-203-170 bde-heading\">\nROOFTOP SERIES\n<\/h2><div class=\"bde-text-203-171 bde-text\">\nLa gama comercial de GREE, con su amplias capacidades en equipos de paquete (rooftop), ofrece las m\u00e1ximas prestaciones con los mejores niveles de eficiencia energ\u00e9tica.\n<\/div><div class=\"bde-button-203-172 bde-button\">\n    \n                                    \n    \n    \n    \n    \n            \n                    \n            \n            \n\n    \n    \n    \n    \n    \n    <a class=\"breakdance-link button-atom button-atom--custom bde-button__button\" href=\"https:\/\/greemexico.mx\/dev-builder\/paquetes\/\" target=\"_self\" data-type=\"url\"  >\n\n    \n        <span class=\"button-atom__text\">CONOCER M\u00c1S<\/span>\n\n        \n        \n                <\/a>\n\n    \n\n\n<\/div>\n<\/div><div class=\"bde-column-203-173 bde-column\">\n  \n\t\n\n\n\n<div class=\"bde-image-203-174 bde-image\" data-entrance=\"slideRight\">\n<figure class=\"breakdance-image breakdance-image--212\">\n\t<div class=\"breakdance-image-container\">\n\t\t<div class=\"breakdance-image-clip\"><img loading=\"lazy\" decoding=\"async\" class=\"breakdance-image-object\" src=\"https:\/\/greemexico.mx\/dev-builder\/wp-content\/uploads\/2022\/02\/bloquecat_prod-3.png\" width=\"673\" height=\"444\" srcset=\"https:\/\/greemexico.mx\/dev-builder\/wp-content\/uploads\/2022\/02\/bloquecat_prod-3.png 673w, https:\/\/greemexico.mx\/dev-builder\/wp-content\/uploads\/2022\/02\/bloquecat_prod-3-300x198.png 300w, https:\/\/greemexico.mx\/dev-builder\/wp-content\/uploads\/2022\/02\/bloquecat_prod-3-600x396.png 600w\" sizes=\"(max-width: 673px) 100vw, 673px\"><\/div>\n\t<\/div><\/figure>\n\n<\/div>\n<\/div><\/div><\/div>\n<\/section><section class=\"bde-section-203-130 bde-section\">\n  \n\t\n\n\n\n<div class=\"section-container\"><div class=\"bde-columns-203-131 bde-columns\"><div class=\"bde-column-203-134 bde-column\" data-entrance=\"slideLeft\">\n  \n\t\n\n\n\n<h3 class=\"bde-heading-203-135 bde-heading\">\nRESIDENCIAL Y COMERCIAL\n<\/h3><h2 class=\"bde-heading-203-136 bde-heading\">\nMULTI-VRF SERIES\n<\/h2><div class=\"bde-text-203-137 bde-text\">\nLa gama industrial de GREE est\u00e1 dise\u00f1ada con tecnolog\u00edas de vanguardia para garantizar la condiciones clim\u00e1ticas de grandes espacios de forma efectiva y optimizando el consumo.\n<\/div><div class=\"bde-button-203-138 bde-button\">\n    \n                                    \n    \n    \n    \n    \n            \n                    \n            \n            \n\n    \n    \n    \n    \n    \n    <a class=\"breakdance-link button-atom button-atom--custom bde-button__button\" href=\"https:\/\/greemexico.mx\/dev-builder\/multi-vrf\/\" target=\"_self\" data-type=\"url\"  >\n\n    \n        <span class=\"button-atom__text\">CONOCER M\u00c1S<\/span>\n\n        \n        \n                <\/a>\n\n    \n\n\n<\/div>\n<\/div><div class=\"bde-column-203-132 bde-column\">\n              \n  \n\t\n\n\n\n<div class=\"bde-image-203-133 bde-image\" data-entrance=\"slideRight\">\n<figure class=\"breakdance-image breakdance-image--1359\">\n\t<div class=\"breakdance-image-container\">\n\t\t<div class=\"breakdance-image-clip\"><img loading=\"lazy\" decoding=\"async\" class=\"breakdance-image-object\" src=\"https:\/\/greemexico.mx\/dev-builder\/wp-content\/uploads\/vrf-gmv6.png\" width=\"420\" height=\"488\" srcset=\"https:\/\/greemexico.mx\/dev-builder\/wp-content\/uploads\/vrf-gmv6.png 420w, https:\/\/greemexico.mx\/dev-builder\/wp-content\/uploads\/vrf-gmv6-258x300.png 258w, https:\/\/greemexico.mx\/dev-builder\/wp-content\/uploads\/vrf-gmv6-129x150.png 129w, https:\/\/greemexico.mx\/dev-builder\/wp-content\/uploads\/vrf-gmv6-300x349.png 300w\" sizes=\"(max-width: 420px) 100vw, 420px\"><\/div>\n\t<\/div><\/figure>\n\n<\/div>\n<\/div><\/div><\/div>\n<\/section><section class=\"bde-section-203-203 bde-section\">\n  \n\t\n\n\n\n<div class=\"section-container\"><div class=\"bde-columns-203-204 bde-columns\"><div class=\"bde-column-203-205 bde-column\" data-entrance=\"slideLeft\">\n  \n\t\n\n\n\n<h3 class=\"bde-heading-203-206 bde-heading\">\nRESIDENCIAL Y COMERCIAL\n<\/h3><h2 class=\"bde-heading-203-207 bde-heading\">\nMULTI-VRF SERIES\n<\/h2><div class=\"bde-text-203-208 bde-text\">\nLa gama industrial de GREE est\u00e1 dise\u00f1ada con tecnolog\u00edas de vanguardia para garantizar la condiciones clim\u00e1ticas de grandes espacios de forma efectiva y optimizando el consumo.\n<\/div><div class=\"bde-button-203-209 bde-button\">\n    \n                                    \n    \n    \n    \n    \n            \n                    \n            \n            \n\n    \n    \n    \n    \n    \n    <a class=\"breakdance-link button-atom button-atom--custom bde-button__button\" href=\"https:\/\/greemexico.mx\/dev-builder\/multi-vrf\/\" target=\"_self\" data-type=\"url\"  >\n\n    \n        <span class=\"button-atom__text\">CONOCER M\u00c1S<\/span>\n\n        \n        \n                <\/a>\n\n    \n\n\n<\/div>\n<\/div><div class=\"bde-column-203-210 bde-column\">\n  \n\t\n\n\n\n<div class=\"bde-image-203-211 bde-image\" data-entrance=\"slideRight\">\n<figure class=\"breakdance-image breakdance-image--1359\">\n\t<div class=\"breakdance-image-container\">\n\t\t<div class=\"breakdance-image-clip\"><img loading=\"lazy\" decoding=\"async\" class=\"breakdance-image-object\" src=\"https:\/\/greemexico.mx\/dev-builder\/wp-content\/uploads\/vrf-gmv6.png\" width=\"420\" height=\"488\" srcset=\"https:\/\/greemexico.mx\/dev-builder\/wp-content\/uploads\/vrf-gmv6.png 420w, https:\/\/greemexico.mx\/dev-builder\/wp-content\/uploads\/vrf-gmv6-258x300.png 258w, https:\/\/greemexico.mx\/dev-builder\/wp-content\/uploads\/vrf-gmv6-129x150.png 129w, https:\/\/greemexico.mx\/dev-builder\/wp-content\/uploads\/vrf-gmv6-300x349.png 300w\" sizes=\"(max-width: 420px) 100vw, 420px\"><\/div>\n\t<\/div><\/figure>\n\n<\/div>\n<\/div><\/div><\/div>\n<\/section><section class=\"bde-section-203-194 bde-section\">\n  \n\t\n\n\n\n<div class=\"section-container\"><div class=\"bde-columns-203-195 bde-columns\"><div class=\"bde-column-203-196 bde-column\">\n              \n  \n\t\n\n\n\n<div class=\"bde-image-203-197 bde-image\" data-entrance=\"slideLeft\">\n<figure class=\"breakdance-image breakdance-image--1628\">\n\t<div class=\"breakdance-image-container\">\n\t\t<div class=\"breakdance-image-clip\"><img loading=\"lazy\" decoding=\"async\" class=\"breakdance-image-object\" src=\"https:\/\/greemexico.mx\/dev-builder\/wp-content\/uploads\/img-categorias_chiller.png\" width=\"400\" height=\"330\" srcset=\"https:\/\/greemexico.mx\/dev-builder\/wp-content\/uploads\/img-categorias_chiller.png 400w, https:\/\/greemexico.mx\/dev-builder\/wp-content\/uploads\/img-categorias_chiller-300x248.png 300w, https:\/\/greemexico.mx\/dev-builder\/wp-content\/uploads\/img-categorias_chiller-150x124.png 150w\" sizes=\"(max-width: 400px) 100vw, 400px\"><\/div>\n\t<\/div><\/figure>\n\n<\/div>\n<\/div><div class=\"bde-column-203-198 bde-column\" data-entrance=\"slideRight\">\n  \n\t\n\n\n\n<h3 class=\"bde-heading-203-199 bde-heading\">\nINDUSTRIAL\n<\/h3><h2 class=\"bde-heading-203-200 bde-heading\">\nCHILLERS\n<\/h2><div class=\"bde-text-203-201 bde-text\">\nLa gama industrial de GREE est\u00e1 dise\u00f1ada con tecnolog\u00edas de vanguardia para garantizar la condiciones clim\u00e1ticas de grandes espacios de forma efectiva y optimizando el consumo.<br>\n<\/div><div class=\"bde-button-203-202 bde-button\">\n    \n                                    \n    \n    \n    \n    \n            \n                    \n            \n            \n\n    \n    \n    \n    \n    \n    <a class=\"breakdance-link button-atom button-atom--custom bde-button__button\" href=\"https:\/\/greemexico.mx\/dev-builder\/chillers\/\" target=\"_self\" data-type=\"url\"  >\n\n    \n        <span class=\"button-atom__text\">CONOCER M\u00c1S<\/span>\n\n        \n        \n                <\/a>\n\n    \n\n\n<\/div>\n<\/div><\/div><\/div>\n<\/section><section class=\"bde-section-203-212 bde-section\">\n  \n\t\n\n\n\n<div class=\"section-container\"><div class=\"bde-columns-203-213 bde-columns\"><div class=\"bde-column-203-216 bde-column\">\n  \n\t\n\n\n\n<h3 class=\"bde-heading-203-217 bde-heading\">\nINDUSTRIAL\n<\/h3><h2 class=\"bde-heading-203-218 bde-heading\">\nCHILLERS\n<\/h2><div class=\"bde-text-203-219 bde-text\">\nLa gama industrial de GREE est\u00e1 dise\u00f1ada con tecnolog\u00edas de vanguardia para garantizar la condiciones clim\u00e1ticas de grandes espacios de forma efectiva y optimizando el consumo.<br>\n<\/div><div class=\"bde-button-203-220 bde-button\">\n    \n                                    \n    \n    \n    \n    \n            \n                    \n            \n            \n\n    \n    \n    \n    \n    \n    <a class=\"breakdance-link button-atom button-atom--custom bde-button__button\" href=\"https:\/\/greemexico.mx\/dev-builder\/chillers\/\" target=\"_self\" data-type=\"url\"  >\n\n    \n        <span class=\"button-atom__text\">CONOCER M\u00c1S<\/span>\n\n        \n        \n                <\/a>\n\n    \n\n\n<\/div>\n<\/div><div class=\"bde-column-203-214 bde-column\">\n  \n\t\n\n\n\n<div class=\"bde-image-203-215 bde-image\">\n<figure class=\"breakdance-image breakdance-image--1628\">\n\t<div class=\"breakdance-image-container\">\n\t\t<div class=\"breakdance-image-clip\"><img loading=\"lazy\" decoding=\"async\" class=\"breakdance-image-object\" src=\"https:\/\/greemexico.mx\/dev-builder\/wp-content\/uploads\/img-categorias_chiller.png\" width=\"400\" height=\"330\" srcset=\"https:\/\/greemexico.mx\/dev-builder\/wp-content\/uploads\/img-categorias_chiller.png 400w, https:\/\/greemexico.mx\/dev-builder\/wp-content\/uploads\/img-categorias_chiller-300x248.png 300w, https:\/\/greemexico.mx\/dev-builder\/wp-content\/uploads\/img-categorias_chiller-150x124.png 150w\" sizes=\"(max-width: 400px) 100vw, 400px\"><\/div>\n\t<\/div><\/figure>\n\n<\/div>\n<\/div><\/div><\/div>\n<\/section><\/div>","protected":false},"excerpt":{"rendered":"<p>30 A\u00d1OS LIDERANDO LA INDUSTRIA RESIDENCIAL MINISPLIT SERIES Una amplia variedad de modelos para la climatizaci\u00f3n del hogar, con la m\u00e1xima eficiencia energ\u00e9tica para garantizar un gran confort manteniendo un bajo consumo energ\u00e9tico. CONOCER M\u00c1S RESIDENCIAL MINISPLIT SERIES Una amplia variedad de modelos para la climatizaci\u00f3n del hogar, con la m\u00e1xima eficiencia energ\u00e9tica para garantizar [&hellip;]<\/p>\n","protected":false},"author":1,"featured_media":0,"parent":0,"menu_order":0,"comment_status":"closed","ping_status":"closed","template":"","meta":{"_acf_changed":false,"_breakdance_hide_in_design_set":false,"_breakdance_tags":"","footnotes":""},"acf":[],"_links":{"self":[{"href":"https:\/\/greemexico.mx\/dev-builder\/wp-json\/wp\/v2\/pages\/203"}],"collection":[{"href":"https:\/\/greemexico.mx\/dev-builder\/wp-json\/wp\/v2\/pages"}],"about":[{"href":"https:\/\/greemexico.mx\/dev-builder\/wp-json\/wp\/v2\/types\/page"}],"author":[{"embeddable":true,"href":"https:\/\/greemexico.mx\/dev-builder\/wp-json\/wp\/v2\/users\/1"}],"replies":[{"embeddable":true,"href":"https:\/\/greemexico.mx\/dev-builder\/wp-json\/wp\/v2\/comments?post=203"}],"version-history":[{"count":0,"href":"https:\/\/greemexico.mx\/dev-builder\/wp-json\/wp\/v2\/pages\/203\/revisions"}],"wp:attachment":[{"href":"https:\/\/greemexico.mx\/dev-builder\/wp-json\/wp\/v2\/media?parent=203"}],"curies":[{"name":"wp","href":"https:\/\/api.w.org\/{rel}","templated":true}]}}